{"id":1496,"date":"2018-08-30T14:17:44","date_gmt":"2018-08-30T14:17:44","guid":{"rendered":"https:\/\/womensnetwork.org\/about-us\/"},"modified":"2025-09-09T09:52:41","modified_gmt":"2025-09-09T09:52:41","slug":"rreth-nesh","status":"publish","type":"page","link":"https:\/\/womensnetwork.org\/sq\/rreth-nesh\/","title":{"rendered":"Rreth nesh"},"content":{"rendered":"<p>E themeluar n\u00eb vitin 1996, Rrjeti i Grave t\u00eb Kosov\u00ebs (RrGK) fillimisht ishte nj\u00eb rrjet joformal i grupeve dhe organizatave t\u00eb grave nga rajone t\u00eb ndryshme t\u00eb Kosov\u00ebs. Q\u00eb prej themelimit t\u00eb saj, RrGK \u00ebsht\u00eb zhvilluar n\u00eb nj\u00eb rrjet q\u00eb avokon n\u00eb em\u00ebr t\u00eb grave kosovare n\u00eb nivel lokal, rajonal dhe nd\u00ebrkomb\u00ebtar. Stafi i RrGK-s\u00eb posedon njohuri dhe ekspertiz\u00eb n\u00eb fusha t\u00eb ndryshme dhe deri n\u00eb 30 vjet p\u00ebrvoj\u00eb n\u00eb hulumtim, avokim, k\u00ebshillim p\u00ebr politika, zhvillim t\u00eb kapaciteteve, ndihm\u00eb juridike, zhvillim komunitar dhe nd\u00ebrgjegj\u00ebsim t\u00eb publikut. Duke p\u00ebrfaq\u00ebsuar interesat e an\u00ebtareve t\u00eb saj, p\u00ebrfshir\u00eb organizatat e grave t\u00eb t\u00eb gjitha grupeve etnike nga e gjith\u00eb Kosova, RrGK \u00ebsht\u00eb lidere n\u00eb mesin e organizatave t\u00eb shoq\u00ebris\u00eb civile n\u00eb vend dhe n\u00eb t\u00ebr\u00eb rajonin. RrGK bashk\u00ebpunon rregullisht me grupe t\u00eb tjera t\u00eb grave n\u00eb rajon, si n\u00eb m\u00ebnyr\u00eb joformale edhe formale.<\/p>\n","protected":false},"excerpt":{"rendered":"<p>E themeluar n\u00eb vitin 1996, Rrjeti i Grave t\u00eb Kosov\u00ebs (RrGK) fillimisht ishte nj\u00eb rrjet joformal i grupeve dhe organizatave t\u00eb grave nga rajone t\u00eb ndryshme t\u00eb Kosov\u00ebs. Q\u00eb prej themelimit t\u00eb saj, RrGK \u00ebsht\u00eb zhvilluar n\u00eb nj\u00eb rrjet q\u00eb avokon n\u00eb em\u00ebr t\u00eb grave kosovare n\u00eb nivel lokal, rajonal dhe nd\u00ebrkomb\u00ebtar. Stafi i RrGK-s\u00eb [&hellip;]<\/p>\n","protected":false},"author":1,"featured_media":3335487,"parent":0,"menu_order":0,"comment_status":"closed","ping_status":"closed","template":"page-about.php","meta":{"_FSMCFIC_featured_image_caption":"","_FSMCFIC_featured_image_nocaption":"","_FSMCFIC_featured_image_hide":"","footnotes":""},"class_list":["post-1496","page","type-page","status-publish","has-post-thumbnail","hentry"],"acf":[],"_links":{"self":[{"href":"https:\/\/womensnetwork.org\/sq\/wp-json\/wp\/v2\/pages\/1496","targetHints":{"allow":["GET"]}}],"collection":[{"href":"https:\/\/womensnetwork.org\/sq\/wp-json\/wp\/v2\/pages"}],"about":[{"href":"https:\/\/womensnetwork.org\/sq\/wp-json\/wp\/v2\/types\/page"}],"author":[{"embeddable":true,"href":"https:\/\/womensnetwork.org\/sq\/wp-json\/wp\/v2\/users\/1"}],"replies":[{"embeddable":true,"href":"https:\/\/womensnetwork.org\/sq\/wp-json\/wp\/v2\/comments?post=1496"}],"version-history":[{"count":23,"href":"https:\/\/womensnetwork.org\/sq\/wp-json\/wp\/v2\/pages\/1496\/revisions"}],"predecessor-version":[{"id":3366233,"href":"https:\/\/womensnetwork.org\/sq\/wp-json\/wp\/v2\/pages\/1496\/revisions\/3366233"}],"wp:featuredmedia":[{"embeddable":true,"href":"https:\/\/womensnetwork.org\/sq\/wp-json\/wp\/v2\/media\/3335487"}],"wp:attachment":[{"href":"https:\/\/womensnetwork.org\/sq\/wp-json\/wp\/v2\/media?parent=1496"}],"curies":[{"name":"wp","href":"https:\/\/api.w.org\/{rel}","templated":true}]}}