{"id":1509,"date":"2018-09-29T08:07:07","date_gmt":"2018-09-29T08:07:07","guid":{"rendered":"https:\/\/womensnetwork.org\/members-main\/"},"modified":"2025-09-09T10:00:59","modified_gmt":"2025-09-09T10:00:59","slug":"anetaret-main","status":"publish","type":"page","link":"https:\/\/womensnetwork.org\/sq\/anetaret-main\/","title":{"rendered":"An\u00ebtaret"},"content":{"rendered":"<p>Duke p\u00ebrfaq\u00ebsuar interesat e organizatave t\u00eb ndryshme t\u00eb grave n\u00eb gjith\u00eb vendin, RrGK-ja \u00ebsht\u00eb lidere n\u00eb mesin e organizatave t\u00eb shoq\u00ebris\u00eb civile n\u00eb Kosov\u00eb dhe rajon. An\u00ebtaret tona u takojn\u00ebgrupeve t\u00eb ndryshme etnike, moshe e aft\u00ebsie dhe vijn\u00eb nga zona t\u00eb ndryshme gjeografike. Ato merren me \u00e7\u00ebshtje t\u00eb r\u00ebnd\u00ebsishme p\u00ebr njer\u00ebzit, ve\u00e7an\u00ebrisht p\u00ebr grat\u00eb dhe vajzat, brenda komuniteteve t\u00eb tyre. Informacioni p\u00ebr an\u00ebtaret tona \u00ebsht\u00eb i disponuesh\u00ebm sipas komun\u00ebs dhe sipas fushave t\u00eb ekspertiz\u00ebs.<\/p>\n","protected":false},"excerpt":{"rendered":"<p>Duke p\u00ebrfaq\u00ebsuar interesat e organizatave t\u00eb ndryshme t\u00eb grave n\u00eb gjith\u00eb vendin, RrGK-ja \u00ebsht\u00eb lidere n\u00eb mesin e organizatave t\u00eb shoq\u00ebris\u00eb civile n\u00eb Kosov\u00eb dhe rajon. An\u00ebtaret tona u takojn\u00ebgrupeve t\u00eb ndryshme etnike, moshe e aft\u00ebsie dhe vijn\u00eb nga zona t\u00eb ndryshme gjeografike. Ato merren me \u00e7\u00ebshtje t\u00eb r\u00ebnd\u00ebsishme p\u00ebr njer\u00ebzit, ve\u00e7an\u00ebrisht p\u00ebr grat\u00eb dhe [&hellip;]<\/p>\n","protected":false},"author":1,"featured_media":0,"parent":0,"menu_order":0,"comment_status":"closed","ping_status":"closed","template":"page-members.php","meta":{"_FSMCFIC_featured_image_caption":"","_FSMCFIC_featured_image_nocaption":"","_FSMCFIC_featured_image_hide":"","footnotes":""},"class_list":["post-1509","page","type-page","status-publish","hentry"],"acf":[],"_links":{"self":[{"href":"https:\/\/womensnetwork.org\/sq\/wp-json\/wp\/v2\/pages\/1509","targetHints":{"allow":["GET"]}}],"collection":[{"href":"https:\/\/womensnetwork.org\/sq\/wp-json\/wp\/v2\/pages"}],"about":[{"href":"https:\/\/womensnetwork.org\/sq\/wp-json\/wp\/v2\/types\/page"}],"author":[{"embeddable":true,"href":"https:\/\/womensnetwork.org\/sq\/wp-json\/wp\/v2\/users\/1"}],"replies":[{"embeddable":true,"href":"https:\/\/womensnetwork.org\/sq\/wp-json\/wp\/v2\/comments?post=1509"}],"version-history":[{"count":14,"href":"https:\/\/womensnetwork.org\/sq\/wp-json\/wp\/v2\/pages\/1509\/revisions"}],"predecessor-version":[{"id":3366240,"href":"https:\/\/womensnetwork.org\/sq\/wp-json\/wp\/v2\/pages\/1509\/revisions\/3366240"}],"wp:attachment":[{"href":"https:\/\/womensnetwork.org\/sq\/wp-json\/wp\/v2\/media?parent=1509"}],"curies":[{"name":"wp","href":"https:\/\/api.w.org\/{rel}","templated":true}]}}