{"id":1513,"date":"2018-10-02T14:13:50","date_gmt":"2018-10-02T14:13:50","guid":{"rendered":"https:\/\/womensnetwork.org\/kosovo-womens-fund\/"},"modified":"2025-09-10T19:11:16","modified_gmt":"2025-09-10T19:11:16","slug":"fondi-i-grave-te-kosoves","status":"publish","type":"page","link":"https:\/\/womensnetwork.org\/sq\/fondi-i-grave-te-kosoves\/","title":{"rendered":"Fondi i Grave t\u00eb Kosov\u00ebs"},"content":{"rendered":"<p>Ndryshimi i prioriteteve t\u00eb donator\u00ebve dhe tkurrja e buxheteve ka b\u00ebr\u00eb q\u00eb shum\u00eb donator\u00eb nd\u00ebrkomb\u00ebtar\u00eb n\u00eb Kosov\u00eb t\u00eb mbyllin programet e granteve ose t\u00eb ulin ndjesh\u00ebm financimin p\u00ebr organizatat joqeveritare. Nd\u00ebrsa disa donator\u00eb vazhdojn\u00eb t\u00eb ofrojn\u00eb mb\u00ebshtetje, procedurat e nd\u00ebrlikuara t\u00eb aplikimit dhe fokusi n\u00eb grante t\u00eb m\u00ebdha shpesh p\u00ebrjashtojn\u00eb organizatat m\u00eb t\u00eb vogla. Grupet e udh\u00ebhequra nga grat\u00eb, ve\u00e7an\u00ebrisht ato me kapacitete t\u00eb kufizuara stafi dhe njohuri t\u00eb kufizuara t\u00eb gjuh\u00ebs angleze, p\u00ebrballen me barriera t\u00eb m\u00ebdha n\u00eb qasjen n\u00eb financim p\u00ebr pun\u00ebn e tyre thelb\u00ebsore n\u00eb promovimin e barazis\u00eb gjinore dhe t\u00eb t\u00eb drejtave t\u00eb grave.<\/p>\n<p>P\u00ebr t\u2019iu p\u00ebrgjigjur k\u00ebtyre sfidave, Rrjeti i Grave t\u00eb Kosov\u00ebs (RrGK), n\u00eb konsultim t\u00eb ngusht\u00eb me an\u00ebtaret e tij dhe me mb\u00ebshtetjen e fondacionit Kvinna till Kvinna, themeloi n\u00eb vitin 2012 <strong>Fondi i Grave t\u00eb Kosov\u00ebs (FGK)<\/strong>. Ky Fond ofron grante t\u00eb vogla e fleksibile p\u00ebr organizatat e grave n\u00eb Kosov\u00eb dhe rajonin p\u00ebrreth, me fokus t\u00eb ve\u00e7ant\u00eb n\u00eb mb\u00ebshtetjen e nismave q\u00eb avancojn\u00eb t\u00eb drejtat e grave dhe vajzave rurale dhe t\u00eb margjinalizuara. Donjeta Berisha, e cila ka punuar p\u00ebr Fondin mbi nj\u00eb dekad\u00eb, thekson se qasja nga posht\u00eb-lart u mund\u00ebson p\u00ebrfituesve t\u00eb granteve t\u00eb arrijn\u00eb te grat\u00eb q\u00eb shpesh nuk kan\u00eb qasje n\u00eb mb\u00ebshtetje.<\/p>\n<p>Ajo q\u00eb e b\u00ebn t\u00eb ve\u00e7ant\u00eb Fondin e Grave t\u00eb Kosov\u00ebs nuk \u00ebsht\u00eb vet\u00ebm qasja e tij, por edhe zhvillimi i p\u00ebrshtatur dhe i vazhduesh\u00ebm i kapaciteteve p\u00ebr p\u00ebrfituesit dhe aplikuesit e granteve. Kjo p\u00ebrfshin trajnim n\u00eb shkrimin e granteve, menaxhimin e ciklit t\u00eb projekteve, menaxhimin financiar dhe avokimin, duke rritur aft\u00ebsin\u00eb e tyre p\u00ebr t\u00eb siguruar financime t\u00eb ardhshme dhe p\u00ebr t\u00eb ndikuar n\u00eb ndryshimet politike.<\/p>\n<p>Q\u00eb nga themelimi n\u00eb dhjetor 2012, RrGK ka administruar <strong>296 grante<\/strong> p\u00ebrmes Fondit t\u00eb Grave t\u00eb Kosov\u00ebs, me gjithsej <strong>1,531,561.05 \u20ac<\/strong>. Nga k\u00ebto grante kan\u00eb p\u00ebrfituar <strong>37,762 persona<\/strong>, p\u00ebrfshir\u00eb <strong>29,505 gra<\/strong> dhe <strong>7,782 burra,<\/strong> nga komunitete t\u00eb ndryshme:<\/p>\n<ul>\n<li><strong>22,269 shqiptar\u00eb;<\/strong><\/li>\n<li><strong>1,859 serb\u00eb;<\/strong><\/li>\n<li><strong>1,121 rom\u00eb;<\/strong><\/li>\n<li><strong>828 ashkalinj;<\/strong><\/li>\n<li><strong>268 egjiptian\u00eb;<\/strong><\/li>\n<li><strong>351 goran\u00eb<\/strong><\/li>\n<li><strong>331 boshnjak\u00eb;<\/strong><\/li>\n<li><strong>166 turq;<\/strong><\/li>\n<li><strong>342 persona nga komunitete t\u00eb tjera;<\/strong><\/li>\n<li><strong>603 persona me aft\u00ebsi t\u00eb kufizuara (PAK).<\/strong><\/li>\n<\/ul>\n<p>Nga avokimi dhe reforma e politikave te sh\u00ebndet\u00ebsia, zhvillimi i aft\u00ebsive dhe p\u00ebrfitimet p\u00ebr f\u00ebmij\u00eb, Fondi ka transformuar jet\u00eb dhe komunitete. Shembuj t\u00eb arritjeve t\u00eb tij p\u00ebrfshijn\u00eb:<\/p>\n<p><strong>Avancimin e avokimit dhe politikave: <\/strong>Fondi ka mb\u00ebshtetur 432 iniciativa avokuese, p\u00ebrfshir\u00eb p\u00ebrpjekje q\u00eb \u00e7uan n\u00eb 30 ndryshime t\u00eb dokumentuara politikash dhe disa komuna q\u00eb adoptuan praktikat e buxhetimit t\u00eb p\u00ebrgjegjsh\u00ebm gjinor. Avokimi i p\u00ebrfituesve kontribuoi n\u00eb rritjen e financimit publik p\u00ebr grat\u00eb, si n\u00eb nivel komunal ashtu edhe n\u00eb nivel vendi. P\u00ebrfituesit hartuan ose kontribuan n\u00eb hartimin e planeve t\u00eb veprimit komunal p\u00ebr barazi gjinore, q\u00eb m\u00eb pas u miratuan, Fondi ka siguruar q\u00eb grat\u00eb nga pakicat etnike, grat\u00eb me aft\u00ebsi t\u00eb kufizuara dhe t\u00eb mbijetuarit e dhun\u00ebs t\u00eb marrin pjes\u00eb dometh\u00ebn\u00ebse n\u00eb vendimmarrjen lokale.<\/p>\n<p><strong>Fuqizimin dhe rritjen e nd\u00ebrgjegj\u00ebsimit:<\/strong> Fondi ka fuqizuar 10,204 gra t\u00eb b\u00ebhen m\u00eb t\u00eb nd\u00ebrgjegjshme p\u00ebr t\u00eb drejtat e tyre n\u00eb trash\u00ebgimi dhe pron\u00eb, dhe ka ndihmuar 335 gra, p\u00ebrfshir\u00eb gjasht\u00eb t\u00eb mbijetuara t\u00eb dhun\u00ebs, t\u2019i realizojn\u00eb k\u00ebto t\u00eb drejta. P\u00ebr m\u00eb tep\u00ebr, 3,095 gra dhe vajza jan\u00eb frym\u00ebzuar t\u00eb avokojn\u00eb p\u00ebr t\u00eb drejt\u00ebn e tyre n\u00eb kujdes sh\u00ebndet\u00ebsor, duke u pajisur me njohuri dhe besim p\u00ebr t\u2019u angazhuar me komunitetin.<\/p>\n<p><strong>Zhvillimin e aft\u00ebsive dhe mund\u00ebsive ekonomike<\/strong>: Fondi ka mb\u00ebshtetur vajzat e reja n\u00eb zhvillimin e aft\u00ebsive digjitale dhe sip\u00ebrmarr\u00ebse, duke krijuar mund\u00ebsi t\u00eb reja t\u00eb ardhurash n\u00eb marketing, vet\u00ebpun\u00ebsim dhe sip\u00ebrmarrje. Po ashtu, u hoq\u00ebn taksat p\u00ebr grat\u00eb n\u00eb Gjakov\u00eb, gj\u00eb q\u00eb b\u00ebri q\u00eb pes\u00eb gra t\u00eb fillonin menj\u00ebher\u00eb bizneset e tyre.<\/p>\n<p><strong>Zgjerimin e Kujdesit Sh\u00ebndet\u00ebsor dhe Mb\u00ebshtetjes s\u00eb Komunitetit<\/strong>: Grantet kan\u00eb mund\u00ebsuar nisma q\u00eb zgjerojn\u00eb qasjen n\u00eb sh\u00ebndet\u00ebsi, sidomos p\u00ebr grat\u00eb rurale dhe t\u00eb margjinalizuara: punonj\u00ebsit sh\u00ebndet\u00ebsor\u00eb n\u00eb Gjakov\u00eb jan\u00eb trajnuar p\u00ebr qasje t\u00eb ndjeshme ndaj traum\u00ebs me t\u00eb mbijetuarat\/it e dhun\u00ebs seksuale dhe dhun\u00ebs n\u00eb familje; disa bashk\u00ebsi lokale (Brestovc, Zoqisht dhe Denj\u00eb\/Rahovec) kan\u00eb hapur Qendra t\u00eb Mjek\u00ebsis\u00eb Familjare; nd\u00ebrsa nj\u00eb linj\u00eb telefonike sh\u00ebndet\u00ebsore \u00ebsht\u00eb lansuar n\u00eb Drenas, n\u00eb bashk\u00ebpunim me K\u00ebshillin e Pacient\u00ebve. Fondi gjithashtu ka ndihmuar n\u00eb dokumentimin dhe raportimin e shkeljeve t\u00eb t\u00eb drejtave n\u00eb sh\u00ebndet\u00ebsi, duke mbajtur institucionet p\u00ebrgjegj\u00ebse. P\u00ebr m\u00eb tep\u00ebr, grantet kan\u00eb sjell\u00eb p\u00ebrfitime p\u00ebr f\u00ebmij\u00ebt, p\u00ebrfshir\u00eb transport falas p\u00ebr ata q\u00eb jetojn\u00eb m\u00eb shum\u00eb se pes\u00eb kilometra nga shkolla n\u00eb Vushtrri.<\/p>\n<p>Gjat\u00eb viteve, Fondi i Grave t\u00eb Kosov\u00ebs ka marr\u00eb mb\u00ebshtetje bujare nga partner\u00eb t\u00eb ndrysh\u00ebm, p\u00ebrfshir\u00eb <strong>Bashkimin Evropian, Agjencin\u00eb Suedeze p\u00ebr Bashk\u00ebpunim Zhvillimor (Sida), Agjencin\u00eb Austriake p\u00ebr Zhvillim (ADA), UN Women<\/strong> dhe <strong>Kvinna till Kvinna<\/strong>.<\/p>\n","protected":false},"excerpt":{"rendered":"<p>Ndryshimi i prioriteteve t\u00eb donator\u00ebve dhe tkurrja e buxheteve ka b\u00ebr\u00eb q\u00eb shum\u00eb donator\u00eb nd\u00ebrkomb\u00ebtar\u00eb n\u00eb Kosov\u00eb t\u00eb mbyllin programet e granteve ose t\u00eb ulin ndjesh\u00ebm financimin p\u00ebr organizatat joqeveritare. Nd\u00ebrsa disa donator\u00eb vazhdojn\u00eb t\u00eb ofrojn\u00eb mb\u00ebshtetje, procedurat e nd\u00ebrlikuara t\u00eb aplikimit dhe fokusi n\u00eb grante t\u00eb m\u00ebdha shpesh p\u00ebrjashtojn\u00eb organizatat m\u00eb t\u00eb vogla. Grupet [&hellip;]<\/p>\n","protected":false},"author":1,"featured_media":0,"parent":0,"menu_order":0,"comment_status":"closed","ping_status":"closed","template":"page-content-only.php","meta":{"_FSMCFIC_featured_image_caption":"","_FSMCFIC_featured_image_nocaption":"","_FSMCFIC_featured_image_hide":"","footnotes":""},"class_list":["post-1513","page","type-page","status-publish","hentry"],"acf":[],"_links":{"self":[{"href":"https:\/\/womensnetwork.org\/sq\/wp-json\/wp\/v2\/pages\/1513","targetHints":{"allow":["GET"]}}],"collection":[{"href":"https:\/\/womensnetwork.org\/sq\/wp-json\/wp\/v2\/pages"}],"about":[{"href":"https:\/\/womensnetwork.org\/sq\/wp-json\/wp\/v2\/types\/page"}],"author":[{"embeddable":true,"href":"https:\/\/womensnetwork.org\/sq\/wp-json\/wp\/v2\/users\/1"}],"replies":[{"embeddable":true,"href":"https:\/\/womensnetwork.org\/sq\/wp-json\/wp\/v2\/comments?post=1513"}],"version-history":[{"count":13,"href":"https:\/\/womensnetwork.org\/sq\/wp-json\/wp\/v2\/pages\/1513\/revisions"}],"predecessor-version":[{"id":3366255,"href":"https:\/\/womensnetwork.org\/sq\/wp-json\/wp\/v2\/pages\/1513\/revisions\/3366255"}],"wp:attachment":[{"href":"https:\/\/womensnetwork.org\/sq\/wp-json\/wp\/v2\/media?parent=1513"}],"curies":[{"name":"wp","href":"https:\/\/api.w.org\/{rel}","templated":true}]}}