{"id":1515,"date":"2018-08-30T14:18:50","date_gmt":"2018-08-30T14:18:50","guid":{"rendered":"https:\/\/womensnetwork.org\/about-us\/vision-mission\/"},"modified":"2025-09-09T09:53:20","modified_gmt":"2025-09-09T09:53:20","slug":"vizioni-misioni","status":"publish","type":"page","link":"https:\/\/womensnetwork.org\/sq\/rreth-nesh\/vizioni-misioni\/","title":{"rendered":"Vizioni &#038; Misioni"},"content":{"rendered":"<h3>Vizioni<\/h3>\n<p>RrGK e ka <strong>vizion<\/strong> nj\u00eb Kosov\u00eb ku grat\u00eb dhe burrat jan\u00eb t\u00eb barabart\u00eb dhe kan\u00eb mund\u00ebsi t\u00eb barabarta p\u00ebr arsimim, pun\u00ebsim, pjes\u00ebmarrje n\u00eb politik\u00eb, kujdes sh\u00ebndet\u00ebsor dhe nj\u00eb jet\u00eb pa dhun\u00eb.<\/p>\n<h3>Misioni<\/h3>\n<p>Misioni i RrGK-s\u00eb \u00ebsht\u00eb q\u00eb t\u00eb p\u00ebrkrah\u00eb, t\u00eb mbroj\u00eb dhe t\u00eb promovoj\u00eb t\u00eb drejtat dhe interesat e grave dhe vajzave n\u00eb t\u00eb gjith\u00eb Kosov\u00ebn, pavar\u00ebsisht nga p\u00ebrkat\u00ebsia e tyre politike, fetare, etnike, mosha, niveli i arsimit, orientimi seksual dhe aft\u00ebsia. RrGK e realizon k\u00ebt\u00eb mision p\u00ebrmes shk\u00ebmbimit t\u00eb p\u00ebrvoj\u00ebs dhe informatave, partneriteteve dhe rrjet\u00ebzimit, hulumtimeve, avokimit dhe sh\u00ebrbimeve.<\/p>\n","protected":false},"excerpt":{"rendered":"<p>Vizioni RrGK e ka vizion nj\u00eb Kosov\u00eb ku grat\u00eb dhe burrat jan\u00eb t\u00eb barabart\u00eb dhe kan\u00eb mund\u00ebsi t\u00eb barabarta p\u00ebr arsimim, pun\u00ebsim, pjes\u00ebmarrje n\u00eb politik\u00eb, kujdes sh\u00ebndet\u00ebsor dhe nj\u00eb jet\u00eb pa dhun\u00eb. Misioni Misioni i RrGK-s\u00eb \u00ebsht\u00eb q\u00eb t\u00eb p\u00ebrkrah\u00eb, t\u00eb mbroj\u00eb dhe t\u00eb promovoj\u00eb t\u00eb drejtat dhe interesat e grave dhe vajzave n\u00eb t\u00eb [&hellip;]<\/p>\n","protected":false},"author":1,"featured_media":0,"parent":1496,"menu_order":0,"comment_status":"closed","ping_status":"closed","template":"page-vision-mission.php","meta":{"_FSMCFIC_featured_image_caption":"","_FSMCFIC_featured_image_nocaption":"","_FSMCFIC_featured_image_hide":"","footnotes":""},"class_list":["post-1515","page","type-page","status-publish","hentry"],"acf":[],"_links":{"self":[{"href":"https:\/\/womensnetwork.org\/sq\/wp-json\/wp\/v2\/pages\/1515","targetHints":{"allow":["GET"]}}],"collection":[{"href":"https:\/\/womensnetwork.org\/sq\/wp-json\/wp\/v2\/pages"}],"about":[{"href":"https:\/\/womensnetwork.org\/sq\/wp-json\/wp\/v2\/types\/page"}],"author":[{"embeddable":true,"href":"https:\/\/womensnetwork.org\/sq\/wp-json\/wp\/v2\/users\/1"}],"replies":[{"embeddable":true,"href":"https:\/\/womensnetwork.org\/sq\/wp-json\/wp\/v2\/comments?post=1515"}],"version-history":[{"count":17,"href":"https:\/\/womensnetwork.org\/sq\/wp-json\/wp\/v2\/pages\/1515\/revisions"}],"predecessor-version":[{"id":3366234,"href":"https:\/\/womensnetwork.org\/sq\/wp-json\/wp\/v2\/pages\/1515\/revisions\/3366234"}],"up":[{"embeddable":true,"href":"https:\/\/womensnetwork.org\/sq\/wp-json\/wp\/v2\/pages\/1496"}],"wp:attachment":[{"href":"https:\/\/womensnetwork.org\/sq\/wp-json\/wp\/v2\/media?parent=1515"}],"curies":[{"name":"wp","href":"https:\/\/api.w.org\/{rel}","templated":true}]}}