{"id":1528,"date":"2018-08-30T15:03:02","date_gmt":"2018-08-30T15:03:02","guid":{"rendered":"https:\/\/womensnetwork.org\/resources\/"},"modified":"2025-09-10T19:13:36","modified_gmt":"2025-09-10T19:13:36","slug":"burime","status":"publish","type":"page","link":"https:\/\/womensnetwork.org\/sq\/burime\/","title":{"rendered":"Burime"},"content":{"rendered":"<p>Synojm\u00eb t\u00eb leht\u00ebsojm\u00eb qasjen n\u00eb hulumtime, publikime dhe informata q\u00eb lidhen me barazin\u00eb gjinore dhe avancimin e t\u00eb drejtave t\u00eb grave n\u00eb Kosov\u00eb, duke ofruar nj\u00eb bibliotek\u00eb t\u00eb konsoliduar burimesh p\u00ebr secil\u00ebn nga temat n\u00eb vijim:<\/p>\n","protected":false},"excerpt":{"rendered":"<p>Synojm\u00eb t\u00eb leht\u00ebsojm\u00eb qasjen n\u00eb hulumtime, publikime dhe informata q\u00eb lidhen me barazin\u00eb gjinore dhe avancimin e t\u00eb drejtave t\u00eb grave n\u00eb Kosov\u00eb, duke ofruar nj\u00eb bibliotek\u00eb t\u00eb konsoliduar burimesh p\u00ebr secil\u00ebn nga temat n\u00eb vijim:<\/p>\n","protected":false},"author":1,"featured_media":0,"parent":0,"menu_order":0,"comment_status":"closed","ping_status":"closed","template":"page-files-category.php","meta":{"_FSMCFIC_featured_image_caption":"","_FSMCFIC_featured_image_nocaption":"","_FSMCFIC_featured_image_hide":"","footnotes":""},"class_list":["post-1528","page","type-page","status-publish","hentry"],"acf":[],"_links":{"self":[{"href":"https:\/\/womensnetwork.org\/sq\/wp-json\/wp\/v2\/pages\/1528","targetHints":{"allow":["GET"]}}],"collection":[{"href":"https:\/\/womensnetwork.org\/sq\/wp-json\/wp\/v2\/pages"}],"about":[{"href":"https:\/\/womensnetwork.org\/sq\/wp-json\/wp\/v2\/types\/page"}],"author":[{"embeddable":true,"href":"https:\/\/womensnetwork.org\/sq\/wp-json\/wp\/v2\/users\/1"}],"replies":[{"embeddable":true,"href":"https:\/\/womensnetwork.org\/sq\/wp-json\/wp\/v2\/comments?post=1528"}],"version-history":[{"count":3,"href":"https:\/\/womensnetwork.org\/sq\/wp-json\/wp\/v2\/pages\/1528\/revisions"}],"predecessor-version":[{"id":3366257,"href":"https:\/\/womensnetwork.org\/sq\/wp-json\/wp\/v2\/pages\/1528\/revisions\/3366257"}],"wp:attachment":[{"href":"https:\/\/womensnetwork.org\/sq\/wp-json\/wp\/v2\/media?parent=1528"}],"curies":[{"name":"wp","href":"https:\/\/api.w.org\/{rel}","templated":true}]}}