{"id":1529,"date":"2018-08-30T08:00:22","date_gmt":"2018-08-30T08:00:22","guid":{"rendered":"https:\/\/womensnetwork.org\/publications\/"},"modified":"2025-09-10T19:12:00","modified_gmt":"2025-09-10T19:12:00","slug":"publikimet","status":"publish","type":"page","link":"https:\/\/womensnetwork.org\/sq\/publikimet\/","title":{"rendered":"Publikimet"},"content":{"rendered":"<p>RrGK publikon buletinin elektronik mujor (e-news) t\u00eb titulluar<em> Z\u00ebri i Grave Kosovare<\/em>. Ne publikojm\u00eb raporte t\u00eb hulumtimeve tematike, nd\u00ebr t\u00eb tjera, p\u00ebr \u00e7\u00ebshtje q\u00eb lidhen me programet tona. RrGK rregullisht shkruan letra avokuese p\u00ebr \u00e7\u00ebshtje me interes p\u00ebr an\u00ebtaret tona, grat\u00eb dhe vajzat n\u00eb Kosov\u00eb. Ne gjithashtu synojm\u00eb t\u00eb leht\u00ebsojm\u00eb qasjen n\u00eb informata q\u00eb lidhen me barazin\u00eb gjinore dhe avancimin e t\u00eb drejtave t\u00eb grave n\u00eb Kosov\u00eb, duke ofruar nj\u00eb bibliotek\u00eb t\u00eb konsoliduar burimesh.<\/p>\n","protected":false},"excerpt":{"rendered":"<p>RrGK publikon buletinin elektronik mujor (e-news) t\u00eb titulluar Z\u00ebri i Grave Kosovare. Ne publikojm\u00eb raporte t\u00eb hulumtimeve tematike, nd\u00ebr t\u00eb tjera, p\u00ebr \u00e7\u00ebshtje q\u00eb lidhen me programet tona. RrGK rregullisht shkruan letra avokuese p\u00ebr \u00e7\u00ebshtje me interes p\u00ebr an\u00ebtaret tona, grat\u00eb dhe vajzat n\u00eb Kosov\u00eb. Ne gjithashtu synojm\u00eb t\u00eb leht\u00ebsojm\u00eb qasjen n\u00eb informata q\u00eb lidhen [&hellip;]<\/p>\n","protected":false},"author":7,"featured_media":27,"parent":0,"menu_order":0,"comment_status":"closed","ping_status":"closed","template":"page-files-category.php","meta":{"_FSMCFIC_featured_image_caption":"","_FSMCFIC_featured_image_nocaption":"","_FSMCFIC_featured_image_hide":"","footnotes":""},"class_list":["post-1529","page","type-page","status-publish","has-post-thumbnail","hentry"],"acf":[],"_links":{"self":[{"href":"https:\/\/womensnetwork.org\/sq\/wp-json\/wp\/v2\/pages\/1529","targetHints":{"allow":["GET"]}}],"collection":[{"href":"https:\/\/womensnetwork.org\/sq\/wp-json\/wp\/v2\/pages"}],"about":[{"href":"https:\/\/womensnetwork.org\/sq\/wp-json\/wp\/v2\/types\/page"}],"author":[{"embeddable":true,"href":"https:\/\/womensnetwork.org\/sq\/wp-json\/wp\/v2\/users\/7"}],"replies":[{"embeddable":true,"href":"https:\/\/womensnetwork.org\/sq\/wp-json\/wp\/v2\/comments?post=1529"}],"version-history":[{"count":5,"href":"https:\/\/womensnetwork.org\/sq\/wp-json\/wp\/v2\/pages\/1529\/revisions"}],"predecessor-version":[{"id":3366256,"href":"https:\/\/womensnetwork.org\/sq\/wp-json\/wp\/v2\/pages\/1529\/revisions\/3366256"}],"wp:featuredmedia":[{"embeddable":true,"href":"https:\/\/womensnetwork.org\/sq\/wp-json\/wp\/v2\/media\/27"}],"wp:attachment":[{"href":"https:\/\/womensnetwork.org\/sq\/wp-json\/wp\/v2\/media?parent=1529"}],"curies":[{"name":"wp","href":"https:\/\/api.w.org\/{rel}","templated":true}]}}