{"id":1535,"date":"2018-08-27T12:58:24","date_gmt":"2018-08-27T12:58:24","guid":{"rendered":"https:\/\/womensnetwork.org\/women-in-politics-and-decision-making\/"},"modified":"2025-09-11T08:57:44","modified_gmt":"2025-09-11T08:57:44","slug":"grate-ne-politike-dhe-vendimmarrje","status":"publish","type":"page","link":"https:\/\/womensnetwork.org\/sq\/programet\/grate-ne-politike-dhe-vendimmarrje\/","title":{"rendered":"P\u00ebrmir\u00ebsimi i barazis\u00eb gjinore p\u00ebrmes sundimit t\u00eb ligjit"},"content":{"rendered":"\n<h2 class=\"wp-block-heading has-text-align-center\">Grat\u00eb n\u00eb politik\u00eb dhe vendimmarrje<br><br><a href=\"https:\/\/womensnetwork.org\/programs\/gender-mainstreaming-the-eu-accession\/\" data-type=\"page\" data-id=\"3365874\"><strong>Integrimi i perspektiv\u00ebs gjinore n\u00eb procesin e an\u00ebtar\u00ebsimit n\u00eb BE<\/strong><\/a><br><a href=\"https:\/\/womensnetwork.org\/programs\/gender-responsive-budgeting\/\" data-type=\"page\" data-id=\"3365877\"><strong>Buxhetimi i P\u00ebrgjegjsh\u00ebm Gjinor<\/strong><\/a><br><a href=\"https:\/\/womensnetwork.org\/programs\/right-to-health\/\" data-type=\"page\" data-id=\"3365880\"><strong>E drejta p\u00ebr sh\u00ebndet<\/strong><\/a><\/h2>\n","protected":false},"excerpt":{"rendered":"<p>Grat\u00eb n\u00eb politik\u00eb dhe vendimmarrje Integrimi i perspektiv\u00ebs gjinore n\u00eb procesin e an\u00ebtar\u00ebsimit n\u00eb BEBuxhetimi i P\u00ebrgjegjsh\u00ebm GjinorE drejta p\u00ebr sh\u00ebndet<\/p>\n","protected":false},"author":1,"featured_media":3340999,"parent":1541,"menu_order":1,"comment_status":"closed","ping_status":"closed","template":"","meta":{"_FSMCFIC_featured_image_caption":"","_FSMCFIC_featured_image_nocaption":"","_FSMCFIC_featured_image_hide":"","footnotes":""},"class_list":["post-1535","page","type-page","status-publish","has-post-thumbnail","hentry"],"acf":[],"_links":{"self":[{"href":"https:\/\/womensnetwork.org\/sq\/wp-json\/wp\/v2\/pages\/1535","targetHints":{"allow":["GET"]}}],"collection":[{"href":"https:\/\/womensnetwork.org\/sq\/wp-json\/wp\/v2\/pages"}],"about":[{"href":"https:\/\/womensnetwork.org\/sq\/wp-json\/wp\/v2\/types\/page"}],"author":[{"embeddable":true,"href":"https:\/\/womensnetwork.org\/sq\/wp-json\/wp\/v2\/users\/1"}],"replies":[{"embeddable":true,"href":"https:\/\/womensnetwork.org\/sq\/wp-json\/wp\/v2\/comments?post=1535"}],"version-history":[{"count":10,"href":"https:\/\/womensnetwork.org\/sq\/wp-json\/wp\/v2\/pages\/1535\/revisions"}],"predecessor-version":[{"id":3366293,"href":"https:\/\/womensnetwork.org\/sq\/wp-json\/wp\/v2\/pages\/1535\/revisions\/3366293"}],"up":[{"embeddable":true,"href":"https:\/\/womensnetwork.org\/sq\/wp-json\/wp\/v2\/pages\/1541"}],"wp:featuredmedia":[{"embeddable":true,"href":"https:\/\/womensnetwork.org\/sq\/wp-json\/wp\/v2\/media\/3340999"}],"wp:attachment":[{"href":"https:\/\/womensnetwork.org\/sq\/wp-json\/wp\/v2\/media?parent=1535"}],"curies":[{"name":"wp","href":"https:\/\/api.w.org\/{rel}","templated":true}]}}