{"id":1538,"date":"2019-05-22T14:19:13","date_gmt":"2019-05-22T14:19:13","guid":{"rendered":"https:\/\/womensnetwork.org\/strategy\/"},"modified":"2025-09-09T09:54:43","modified_gmt":"2025-09-09T09:54:43","slug":"strategjia","status":"publish","type":"page","link":"https:\/\/womensnetwork.org\/sq\/rreth-nesh\/strategjia\/","title":{"rendered":"Strategjia"},"content":{"rendered":"\n<p>Puna e RrGK-s\u00eb udh\u00ebhiqet nga Strategjia p\u00ebr vitet 2023-2026, e cila \u00ebsht\u00eb hartuar n\u00eb konsultim me an\u00ebtaret e RrGK-s\u00eb, Bordin e Drejtor\u00ebve, partner\u00ebt dhe akter\u00ebt e tjer\u00eb ky\u00e7. Strategjia \u00ebsht\u00eb miratuar dhe zbatohet n\u00eb bashk\u00ebpunim t\u00eb ngusht\u00eb me organizatat an\u00ebtare t\u00eb RrGK-s\u00eb.<\/p>\n\n\n\n<p><a href=\"https:\/\/womensnetwork.org\/wp-content\/uploads\/2023\/10\/KWN-Strategy-2023-2026.pdf\">Versionin e plot\u00eb t\u00eb Strategjis\u00eb s\u00eb RrGK-s\u00eb p\u00ebr vitet 2023-2026 mund ta shkarkoni k\u00ebtu.<\/a><\/p>\n\n\n\n<p><a href=\"https:\/\/womensnetwork.org\/wp-content\/uploads\/2019\/05\/KWN-Strategy-2019-2022-1-1.pdf\">Versionin e plot\u00eb t\u00eb Strategjis\u00eb s\u00eb RrGK-s\u00eb p\u00ebr vitet 2019-2022 mund ta shkarkoni k\u00ebtu.<\/a><\/p>\n\n\n\n<p><a href=\"https:\/\/womensnetwork.org\/wp-content\/uploads\/2018\/10\/kwn_strategy_2015_2018_eng.pdf\">Versionin e plot\u00eb t\u00eb Strategjis\u00eb s\u00eb RrGK-s\u00eb p\u00ebr vitet 2015-2018 mund ta shkarkoni k\u00ebtu.<\/a><\/p>\n\n\n\n<p><a href=\"https:\/\/womensnetwork.org\/wp-content\/uploads\/2018\/10\/kwn_strategic_plan_2011_2014_en.pdf\">Versionin e plot\u00eb t\u00eb Planit strategjik t\u00eb RrGK-s\u00eb p\u00ebr vitet 2011-2014 mund ta shkarkoni k\u00ebtu.<\/a><\/p>\n","protected":false},"excerpt":{"rendered":"<p>Puna e RrGK-s\u00eb udh\u00ebhiqet nga Strategjia p\u00ebr vitet 2023-2026, e cila \u00ebsht\u00eb hartuar n\u00eb konsultim me an\u00ebtaret e RrGK-s\u00eb, Bordin e Drejtor\u00ebve, partner\u00ebt dhe akter\u00ebt e tjer\u00eb ky\u00e7. Strategjia \u00ebsht\u00eb miratuar dhe zbatohet n\u00eb bashk\u00ebpunim t\u00eb ngusht\u00eb me organizatat an\u00ebtare t\u00eb RrGK-s\u00eb. Versionin e plot\u00eb t\u00eb Strategjis\u00eb s\u00eb RrGK-s\u00eb p\u00ebr vitet 2023-2026 mund ta shkarkoni [&hellip;]<\/p>\n","protected":false},"author":1,"featured_media":25,"parent":1496,"menu_order":0,"comment_status":"closed","ping_status":"closed","template":"elementor_theme","meta":{"_FSMCFIC_featured_image_caption":"","_FSMCFIC_featured_image_nocaption":"","_FSMCFIC_featured_image_hide":"","footnotes":""},"class_list":["post-1538","page","type-page","status-publish","has-post-thumbnail","hentry"],"acf":[],"_links":{"self":[{"href":"https:\/\/womensnetwork.org\/sq\/wp-json\/wp\/v2\/pages\/1538","targetHints":{"allow":["GET"]}}],"collection":[{"href":"https:\/\/womensnetwork.org\/sq\/wp-json\/wp\/v2\/pages"}],"about":[{"href":"https:\/\/womensnetwork.org\/sq\/wp-json\/wp\/v2\/types\/page"}],"author":[{"embeddable":true,"href":"https:\/\/womensnetwork.org\/sq\/wp-json\/wp\/v2\/users\/1"}],"replies":[{"embeddable":true,"href":"https:\/\/womensnetwork.org\/sq\/wp-json\/wp\/v2\/comments?post=1538"}],"version-history":[{"count":23,"href":"https:\/\/womensnetwork.org\/sq\/wp-json\/wp\/v2\/pages\/1538\/revisions"}],"predecessor-version":[{"id":3366235,"href":"https:\/\/womensnetwork.org\/sq\/wp-json\/wp\/v2\/pages\/1538\/revisions\/3366235"}],"up":[{"embeddable":true,"href":"https:\/\/womensnetwork.org\/sq\/wp-json\/wp\/v2\/pages\/1496"}],"wp:featuredmedia":[{"embeddable":true,"href":"https:\/\/womensnetwork.org\/sq\/wp-json\/wp\/v2\/media\/25"}],"wp:attachment":[{"href":"https:\/\/womensnetwork.org\/sq\/wp-json\/wp\/v2\/media?parent=1538"}],"curies":[{"name":"wp","href":"https:\/\/api.w.org\/{rel}","templated":true}]}}