{"id":1539,"date":"2018-08-27T12:59:14","date_gmt":"2018-08-27T12:59:14","guid":{"rendered":"https:\/\/womensnetwork.org\/gender-based-violence\/"},"modified":"2025-09-11T10:17:43","modified_gmt":"2025-09-11T10:17:43","slug":"dhuna-ne-baza-gjinore","status":"publish","type":"page","link":"https:\/\/womensnetwork.org\/sq\/programet\/dhuna-ne-baza-gjinore\/","title":{"rendered":"Jeta pa dhun\u00eb me baz\u00eb gjinore"},"content":{"rendered":"\n<p>A jeni viktim\u00eb e dhun\u00ebs n\u00eb baza gjinore ose a njihni dik\u00eb q\u00eb \u00ebsht\u00eb? <a href=\"https:\/\/womensnetwork.org\/end-gender-based-violence\/\" data-type=\"page\" data-id=\"3365505\">Klikoni k\u00ebtu<\/a>\u00a0p\u00ebr t\u00eb m\u00ebsuar si ta raportoni dhe t\u00eb qaseni n\u00eb sh\u00ebrbimet mb\u00ebshtet\u00ebse.<\/p>\n\n<p><\/p>\n","protected":false},"excerpt":{"rendered":"<p>A jeni viktim\u00eb e dhun\u00ebs n\u00eb baza gjinore ose a njihni dik\u00eb q\u00eb \u00ebsht\u00eb? Klikoni k\u00ebtu\u00a0p\u00ebr t\u00eb m\u00ebsuar si ta raportoni dhe t\u00eb qaseni n\u00eb sh\u00ebrbimet mb\u00ebshtet\u00ebse.<\/p>\n","protected":false},"author":1,"featured_media":3340567,"parent":1541,"menu_order":2,"comment_status":"closed","ping_status":"closed","template":"","meta":{"_FSMCFIC_featured_image_caption":"","_FSMCFIC_featured_image_nocaption":"","_FSMCFIC_featured_image_hide":"","footnotes":""},"class_list":["post-1539","page","type-page","status-publish","has-post-thumbnail","hentry"],"acf":[],"_links":{"self":[{"href":"https:\/\/womensnetwork.org\/sq\/wp-json\/wp\/v2\/pages\/1539","targetHints":{"allow":["GET"]}}],"collection":[{"href":"https:\/\/womensnetwork.org\/sq\/wp-json\/wp\/v2\/pages"}],"about":[{"href":"https:\/\/womensnetwork.org\/sq\/wp-json\/wp\/v2\/types\/page"}],"author":[{"embeddable":true,"href":"https:\/\/womensnetwork.org\/sq\/wp-json\/wp\/v2\/users\/1"}],"replies":[{"embeddable":true,"href":"https:\/\/womensnetwork.org\/sq\/wp-json\/wp\/v2\/comments?post=1539"}],"version-history":[{"count":12,"href":"https:\/\/womensnetwork.org\/sq\/wp-json\/wp\/v2\/pages\/1539\/revisions"}],"predecessor-version":[{"id":3366358,"href":"https:\/\/womensnetwork.org\/sq\/wp-json\/wp\/v2\/pages\/1539\/revisions\/3366358"}],"up":[{"embeddable":true,"href":"https:\/\/womensnetwork.org\/sq\/wp-json\/wp\/v2\/pages\/1541"}],"wp:featuredmedia":[{"embeddable":true,"href":"https:\/\/womensnetwork.org\/sq\/wp-json\/wp\/v2\/media\/3340567"}],"wp:attachment":[{"href":"https:\/\/womensnetwork.org\/sq\/wp-json\/wp\/v2\/media?parent=1539"}],"curies":[{"name":"wp","href":"https:\/\/api.w.org\/{rel}","templated":true}]}}