{"id":1541,"date":"2018-08-27T12:57:43","date_gmt":"2018-08-27T12:57:43","guid":{"rendered":"https:\/\/womensnetwork.org\/programs\/"},"modified":"2024-01-09T12:57:12","modified_gmt":"2024-01-09T12:57:12","slug":"programet","status":"publish","type":"page","link":"https:\/\/womensnetwork.org\/sq\/programet\/","title":{"rendered":"Programet"},"content":{"rendered":"<p>Misioni i Rrjetit t\u00eb Grave t\u00eb Kosov\u00ebs (RrGK) \u00ebsht\u00eb q\u00eb t\u00eb p\u00ebrkrah\u00eb, mbroj\u00eb dhe t\u00eb promovoj\u00eb t\u00eb drejtat dhe interesat e grave dhe vajzave n\u00eb t\u00ebr\u00eb Kosov\u00ebn, pavar\u00ebsisht bindjeve t\u00eb tyre politike, fetare, mosh\u00ebs, nivelit t\u00eb edukimit, orientimit seksual dhe aft\u00ebsive.<\/p>\n<p>RrGK e ka vizion nj\u00eb Kosov\u00eb n\u00eb t\u00eb cil\u00ebn grat\u00eb dhe burrat jan\u00eb t\u00eb barabart\u00eb dhe kan\u00eb mund\u00ebsi t\u00eb barabarta p\u00ebr arsimim, pun\u00ebsim, pjes\u00ebmarrje politike, kujdes sh\u00ebndet\u00ebsor dhe nj\u00eb jet\u00eb pa dhun\u00eb.<\/p>\n<p>Strategjia e RrGK-s\u00eb p\u00ebrfshin gjasht\u00eb fusha programatike si\u00e7 shpjegohen m\u00eb posht\u00eb. RrGK zbaton Strategjin\u00eb e saj n\u00eb bashk\u00ebpunim t\u00eb ngusht\u00eb me 140 organizatat e saj an\u00ebtare dhe partner\u00ebt.<\/p>\n","protected":false},"excerpt":{"rendered":"<p>Misioni i Rrjetit t\u00eb Grave t\u00eb Kosov\u00ebs (RrGK) \u00ebsht\u00eb q\u00eb t\u00eb p\u00ebrkrah\u00eb, mbroj\u00eb dhe t\u00eb promovoj\u00eb t\u00eb drejtat dhe interesat e grave dhe vajzave n\u00eb t\u00ebr\u00eb Kosov\u00ebn, pavar\u00ebsisht bindjeve t\u00eb tyre politike, fetare, mosh\u00ebs, nivelit t\u00eb edukimit, orientimit seksual dhe aft\u00ebsive. RrGK e ka vizion nj\u00eb Kosov\u00eb n\u00eb t\u00eb cil\u00ebn grat\u00eb dhe burrat jan\u00eb t\u00eb [&hellip;]<\/p>\n","protected":false},"author":1,"featured_media":3336727,"parent":0,"menu_order":0,"comment_status":"closed","ping_status":"closed","template":"page-programs.php","meta":{"_FSMCFIC_featured_image_caption":"","_FSMCFIC_featured_image_nocaption":"","_FSMCFIC_featured_image_hide":"","footnotes":""},"class_list":["post-1541","page","type-page","status-publish","has-post-thumbnail","hentry"],"acf":[],"_links":{"self":[{"href":"https:\/\/womensnetwork.org\/sq\/wp-json\/wp\/v2\/pages\/1541","targetHints":{"allow":["GET"]}}],"collection":[{"href":"https:\/\/womensnetwork.org\/sq\/wp-json\/wp\/v2\/pages"}],"about":[{"href":"https:\/\/womensnetwork.org\/sq\/wp-json\/wp\/v2\/types\/page"}],"author":[{"embeddable":true,"href":"https:\/\/womensnetwork.org\/sq\/wp-json\/wp\/v2\/users\/1"}],"replies":[{"embeddable":true,"href":"https:\/\/womensnetwork.org\/sq\/wp-json\/wp\/v2\/comments?post=1541"}],"version-history":[{"count":16,"href":"https:\/\/womensnetwork.org\/sq\/wp-json\/wp\/v2\/pages\/1541\/revisions"}],"predecessor-version":[{"id":3358738,"href":"https:\/\/womensnetwork.org\/sq\/wp-json\/wp\/v2\/pages\/1541\/revisions\/3358738"}],"wp:featuredmedia":[{"embeddable":true,"href":"https:\/\/womensnetwork.org\/sq\/wp-json\/wp\/v2\/media\/3336727"}],"wp:attachment":[{"href":"https:\/\/womensnetwork.org\/sq\/wp-json\/wp\/v2\/media?parent=1541"}],"curies":[{"name":"wp","href":"https:\/\/api.w.org\/{rel}","templated":true}]}}