{"id":3345967,"date":"2020-06-30T15:02:33","date_gmt":"2020-06-30T15:02:33","guid":{"rendered":"https:\/\/womensnetwork.org\/?page_id=3345967"},"modified":"2024-04-16T11:11:09","modified_gmt":"2024-04-16T11:11:09","slug":"ballina","status":"publish","type":"page","link":"https:\/\/womensnetwork.org\/sq\/","title":{"rendered":"Reagim: Sot gjith\u00eb shoq\u00ebria duhet t\u00eb b\u00ebhet z\u00eb ri i grave dhe vajzave"},"content":{"rendered":"\n<p>16 prill 2024<\/p>\n\n\n\n<p>Reagim: Sot gjith\u00eb shoq\u00ebria duhet t\u00eb b\u00ebhet z\u00eb ri i grave dhe vajzave<\/p>\n\n\n\n<p>Ende pa kaluar 5 dit\u00eb nga rasti tragjik i vrasjes s\u00eb gruas n\u00eb Ferizaj, sot na gjen tragjedia tjet\u00ebr, ku p\u00ebr viktim\u00eb mbeti Gjyljeta Ukella, e vrar\u00eb nga bashk\u00ebshorti i saj, Edmond Laj\u00e7i.<\/p>\n\n\n\n<p>Deri m\u00eb tani t\u00eb gjitha k\u00ebto vrasje kan\u00eb p\u00ebr motiv gjinin\u00eb, po vriten grat\u00eb vet\u00ebm pse jan\u00eb gra. Burrat po vazhdojn\u00eb t\u00eb mendojn\u00eb se ata kan\u00eb t\u00eb drejt\u00eb t\u00eb vendosin p\u00ebr jet\u00ebn e grave dhe vajzave q\u00eb i rrethojn\u00eb.<\/p>\n\n\n\n<p>N\u00eb <a><\/a>k\u00ebt\u00eb pozit\u00eb ku jan\u00eb v\u00ebn\u00eb grat\u00eb dhe vajzat, reagimi yn\u00eb po duket pa ndonj\u00eb ndikim.<\/p>\n\n\n\n<p>Sot gjith\u00eb shoq\u00ebria duhet t\u00eb b\u00ebhet z\u00ebri i grave dhe i vajzave. Sot t\u00eb gjith\u00eb duhet t\u00eb ndihemi fajtor p\u00ebr toleranc\u00ebn q\u00eb e kemi ndaj dhun\u00ebs e ndaj vrasjeve t\u00eb grave.<\/p>\n\n\n\n<p>Vrasjet e grave duhet t\u00eb trajtohen me urgjenc\u00eb komb\u00ebtare. Sot shteti yn\u00eb duhet t\u00eb filloj\u00eb menj\u00ebher\u00eb q\u00eb me urgjenc\u00eb ta trajtoj\u00eb parandalimin e dhun\u00ebs me baz\u00eb gjinore e t\u00eb femicidit duke siguruar q\u00eb t\u00eb gjith\u00eb akter\u00ebt relevant p\u00ebr trajtim t\u00eb dhun\u00ebs me baz\u00eb gjinore kan\u00eb n\u00eb dispozicion t\u00eb gjith\u00eb mekanizmat me q\u00ebllim t\u00eb ofrimit t\u00eb sh\u00ebrbimeve sa m\u00eb t\u00eb mira p\u00ebr viktimat, me viktim\u00ebn n\u00eb qend\u00ebr, ashtu si\u00e7 e k\u00ebrkon edhe Konventa e Stambollit, pjes\u00eb e Kushtetut\u00ebs s\u00eb Kosov\u00ebs. Angazhim n\u00eb ndryshim t\u00eb stereotipeve gjinore p\u00ebrmes edukimit t\u00eb gjeneratave p\u00ebr respektim t\u00eb lirive dhe t\u00eb drejtave t\u00eb secilit qytetar e qytetare t\u00eb Kosov\u00ebs.<\/p>\n\n\n\n<p>Sot, sistemi mbrojt\u00ebs duhet t\u00eb zotohet se do t\u00eb b\u00ebj\u00eb \u00e7mos q\u00eb ushtruesit e dhun\u00ebs t\u00eb marrin d\u00ebnimet meritore e q\u00eb viktimat do t\u00eb trajtohen me dinjitet e me p\u00ebrkushtim q\u00eb p\u00ebrjetimet e dhun\u00ebs t\u00eb mos ju p\u00ebrs\u00ebriten.<\/p>\n\n\n\n<p>Sot shoq\u00ebria n\u00eb p\u00ebrgjith\u00ebsi duhet ta mbaj veten p\u00ebrgjegj\u00ebse p\u00ebr vrasjet e grave dhe dhun\u00ebn sistematike q\u00eb grat\u00eb po p\u00ebrjetojn\u00eb.<\/p>\n\n\n\n<p>Vet\u00ebm t\u00eb bashkuar mund ta luftojm\u00eb dhun\u00ebn n\u00eb baz\u00eb gjinore dhe vrasjet e grave.<\/p>\n","protected":false},"excerpt":{"rendered":"<p>16 prill 2024 Reagim: Sot gjith\u00eb shoq\u00ebria duhet t\u00eb b\u00ebhet z\u00eb ri i grave dhe vajzave Ende pa kaluar 5 dit\u00eb nga rasti tragjik i vrasjes s\u00eb gruas n\u00eb Ferizaj, sot na gjen tragjedia tjet\u00ebr, ku p\u00ebr viktim\u00eb mbeti Gjyljeta Ukella, e vrar\u00eb nga bashk\u00ebshorti i saj, Edmond Laj\u00e7i. Deri m\u00eb tani t\u00eb gjitha k\u00ebto [&hellip;]<\/p>\n","protected":false},"author":9,"featured_media":3361909,"parent":0,"menu_order":0,"comment_status":"closed","ping_status":"closed","template":"page-home.php","meta":{"_FSMCFIC_featured_image_caption":"","_FSMCFIC_featured_image_nocaption":"","_FSMCFIC_featured_image_hide":"","footnotes":""},"class_list":["post-3345967","page","type-page","status-publish","has-post-thumbnail","hentry"],"acf":[],"_links":{"self":[{"href":"https:\/\/womensnetwork.org\/sq\/wp-json\/wp\/v2\/pages\/3345967","targetHints":{"allow":["GET"]}}],"collection":[{"href":"https:\/\/womensnetwork.org\/sq\/wp-json\/wp\/v2\/pages"}],"about":[{"href":"https:\/\/womensnetwork.org\/sq\/wp-json\/wp\/v2\/types\/page"}],"author":[{"embeddable":true,"href":"https:\/\/womensnetwork.org\/sq\/wp-json\/wp\/v2\/users\/9"}],"replies":[{"embeddable":true,"href":"https:\/\/womensnetwork.org\/sq\/wp-json\/wp\/v2\/comments?post=3345967"}],"version-history":[{"count":2,"href":"https:\/\/womensnetwork.org\/sq\/wp-json\/wp\/v2\/pages\/3345967\/revisions"}],"predecessor-version":[{"id":3361912,"href":"https:\/\/womensnetwork.org\/sq\/wp-json\/wp\/v2\/pages\/3345967\/revisions\/3361912"}],"wp:featuredmedia":[{"embeddable":true,"href":"https:\/\/womensnetwork.org\/sq\/wp-json\/wp\/v2\/media\/3361909"}],"wp:attachment":[{"href":"https:\/\/womensnetwork.org\/sq\/wp-json\/wp\/v2\/media?parent=3345967"}],"curies":[{"name":"wp","href":"https:\/\/api.w.org\/{rel}","templated":true}]}}