{"id":3366316,"date":"2025-08-22T10:12:49","date_gmt":"2025-08-22T10:12:49","guid":{"rendered":"https:\/\/womensnetwork.org\/programet\/right-to-health\/"},"modified":"2025-09-11T09:21:06","modified_gmt":"2025-09-11T09:21:06","slug":"right-to-health","status":"publish","type":"page","link":"https:\/\/womensnetwork.org\/sq\/programet\/right-to-health\/","title":{"rendered":"P\u00ebrmir\u00ebsimi i barazis\u00eb gjinore p\u00ebrmes sundimit t\u00eb ligjit"},"content":{"rendered":"\n<h2 class=\"wp-block-heading has-text-align-center\">E drejta p\u00ebr sh\u00ebndet<\/h2>\n\n\n\n<h2 class=\"wp-block-heading has-text-align-center\"><strong><a href=\"https:\/\/womensnetwork.org\/sq\/programet\/grate-ne-politike-dhe-vendimmarrje\/\" data-type=\"page\" data-id=\"39\">Grat\u00eb n\u00eb politik\u00eb dhe vendimmarrje<br><\/a><\/strong><a href=\"https:\/\/womensnetwork.org\/sq\/programet\/gender-mainstreaming-the-eu-accession\/\" data-type=\"page\" data-id=\"3365874\"><strong><a href=\"https:\/\/womensnetwork.org\/programs\/gender-mainstreaming-the-eu-accession\/\" data-type=\"page\" data-id=\"3365874\"><strong>Integrimi i perspektiv\u00ebs gjinore n\u00eb procesin e an\u00ebtar\u00ebsimit n\u00eb BE<\/strong><\/a><br><\/strong><\/a><a href=\"https:\/\/womensnetwork.org\/sq\/programet\/gender-responsive-budgeting\/\" data-type=\"page\" data-id=\"3365877\"><strong><a href=\"https:\/\/womensnetwork.org\/programs\/gender-responsive-budgeting\/\" data-type=\"page\" data-id=\"3365877\"><strong>Buxhetimi i P\u00ebrgjegjsh\u00ebm Gjinor<\/strong><\/a><br><\/strong><\/a><\/h2>\n","protected":false},"excerpt":{"rendered":"<p>E drejta p\u00ebr sh\u00ebndet Grat\u00eb n\u00eb politik\u00eb dhe vendimmarrjeIntegrimi i perspektiv\u00ebs gjinore n\u00eb procesin e an\u00ebtar\u00ebsimit n\u00eb BEBuxhetimi i P\u00ebrgjegjsh\u00ebm Gjinor<\/p>\n","protected":false},"author":18,"featured_media":0,"parent":1541,"menu_order":0,"comment_status":"closed","ping_status":"closed","template":"","meta":{"_FSMCFIC_featured_image_caption":"","_FSMCFIC_featured_image_nocaption":"","_FSMCFIC_featured_image_hide":"","footnotes":""},"class_list":["post-3366316","page","type-page","status-publish","hentry"],"acf":[],"_links":{"self":[{"href":"https:\/\/womensnetwork.org\/sq\/wp-json\/wp\/v2\/pages\/3366316","targetHints":{"allow":["GET"]}}],"collection":[{"href":"https:\/\/womensnetwork.org\/sq\/wp-json\/wp\/v2\/pages"}],"about":[{"href":"https:\/\/womensnetwork.org\/sq\/wp-json\/wp\/v2\/types\/page"}],"author":[{"embeddable":true,"href":"https:\/\/womensnetwork.org\/sq\/wp-json\/wp\/v2\/users\/18"}],"replies":[{"embeddable":true,"href":"https:\/\/womensnetwork.org\/sq\/wp-json\/wp\/v2\/comments?post=3366316"}],"version-history":[{"count":3,"href":"https:\/\/womensnetwork.org\/sq\/wp-json\/wp\/v2\/pages\/3366316\/revisions"}],"predecessor-version":[{"id":3366333,"href":"https:\/\/womensnetwork.org\/sq\/wp-json\/wp\/v2\/pages\/3366316\/revisions\/3366333"}],"up":[{"embeddable":true,"href":"https:\/\/womensnetwork.org\/sq\/wp-json\/wp\/v2\/pages\/1541"}],"wp:attachment":[{"href":"https:\/\/womensnetwork.org\/sq\/wp-json\/wp\/v2\/media?parent=3366316"}],"curies":[{"name":"wp","href":"https:\/\/api.w.org\/{rel}","templated":true}]}}