{"id":1497,"date":"2018-08-30T14:17:44","date_gmt":"2018-08-30T14:17:44","guid":{"rendered":"https:\/\/womensnetwork.org\/about-us\/"},"modified":"2025-09-11T16:19:47","modified_gmt":"2025-09-11T16:19:47","slug":"o-nama","status":"publish","type":"page","link":"https:\/\/womensnetwork.org\/sr\/o-nama\/","title":{"rendered":"O nama"},"content":{"rendered":"\n<p>Osnovana 1996. godine, Mre\u017ea \u017eena Kosova (M\u017dK) je prvobitno bila neformalna mre\u017ea \u017eenskih grupa i organizacija iz razli\u010ditih regiona na Kosovu. Od svog osnivanja, M\u017dK se razvila u mre\u017eu koja se zala\u017ee za kosovske \u017eene na lokalnom, regionalnom i me\u0111unarodnom nivou. Osoblje M\u017dK-a poseduje znanje i stru\u010dnost u razli\u010ditim oblastima i do 30 godina iskustva u istra\u017eivanju, zastupanju, savetodavnim politikama, razvoju kapaciteta, pravnoj pomo\u0107i, razvoju zajednice i informisanju javnosti. Zastupaju\u0107i interese svojih \u010dlanica, uklju\u010duju\u0107i \u017eenske organizacije svih etni\u010dkih grupa sa celog Kosova, M\u017dK je lider me\u0111u organizacijama civilnog dru\u0161tva u zemlji i celom regionu. M\u017dK redovno sara\u0111uje sa drugim grupama \u017eena u regionu, kako neformalno tako i formalno.<\/p>\n","protected":false},"excerpt":{"rendered":"<p>Osnovana 1996. godine, Mre\u017ea \u017eena Kosova (M\u017dK) je prvobitno bila neformalna mre\u017ea \u017eenskih grupa i organizacija iz razli\u010ditih regiona na Kosovu. Od svog osnivanja, M\u017dK se razvila u mre\u017eu koja se zala\u017ee za kosovske \u017eene na lokalnom, regionalnom i me\u0111unarodnom nivou. Osoblje M\u017dK-a poseduje znanje i stru\u010dnost u razli\u010ditim oblastima i do 30 godina iskustva [&hellip;]<\/p>\n","protected":false},"author":1,"featured_media":3335488,"parent":0,"menu_order":0,"comment_status":"closed","ping_status":"closed","template":"page-about.php","meta":{"_FSMCFIC_featured_image_caption":"","_FSMCFIC_featured_image_nocaption":"","_FSMCFIC_featured_image_hide":"","footnotes":""},"class_list":["post-1497","page","type-page","status-publish","has-post-thumbnail","hentry"],"acf":[],"_links":{"self":[{"href":"https:\/\/womensnetwork.org\/sr\/wp-json\/wp\/v2\/pages\/1497","targetHints":{"allow":["GET"]}}],"collection":[{"href":"https:\/\/womensnetwork.org\/sr\/wp-json\/wp\/v2\/pages"}],"about":[{"href":"https:\/\/womensnetwork.org\/sr\/wp-json\/wp\/v2\/types\/page"}],"author":[{"embeddable":true,"href":"https:\/\/womensnetwork.org\/sr\/wp-json\/wp\/v2\/users\/1"}],"replies":[{"embeddable":true,"href":"https:\/\/womensnetwork.org\/sr\/wp-json\/wp\/v2\/comments?post=1497"}],"version-history":[{"count":20,"href":"https:\/\/womensnetwork.org\/sr\/wp-json\/wp\/v2\/pages\/1497\/revisions"}],"predecessor-version":[{"id":3366417,"href":"https:\/\/womensnetwork.org\/sr\/wp-json\/wp\/v2\/pages\/1497\/revisions\/3366417"}],"wp:featuredmedia":[{"embeddable":true,"href":"https:\/\/womensnetwork.org\/sr\/wp-json\/wp\/v2\/media\/3335488"}],"wp:attachment":[{"href":"https:\/\/womensnetwork.org\/sr\/wp-json\/wp\/v2\/media?parent=1497"}],"curies":[{"name":"wp","href":"https:\/\/api.w.org\/{rel}","templated":true}]}}