{"id":1510,"date":"2018-09-29T08:07:07","date_gmt":"2018-09-29T08:07:07","guid":{"rendered":"https:\/\/womensnetwork.org\/members-main\/"},"modified":"2025-09-11T16:21:52","modified_gmt":"2025-09-11T16:21:52","slug":"members-main","status":"publish","type":"page","link":"https:\/\/womensnetwork.org\/sr\/members-main\/","title":{"rendered":"\u010clanice"},"content":{"rendered":"<p>Zastupaju\u0107i interese razli\u010ditih \u017eenskih organizacija \u0161irom zemlje, M\u017dK je lider me\u0111u organizacijama civilnog dru\u0161tva na Kosovu i u regionu. Na\u0161e \u010dlanice su razli\u010ditih etni\u010dkih grupa, starosne dobi, sposobnosti i geografskih podru\u010dja. Rade na pitanjima va\u017enim za ljude, posebno \u017eene i devoj\u010dice, u svojim zajednicama. Informacije o na\u0161im \u010dlanicama razvrstane su po op\u0161tinama i po njihovim oblastima stru\u010dnosti.<\/p>\n","protected":false},"excerpt":{"rendered":"<p>Zastupaju\u0107i interese razli\u010ditih \u017eenskih organizacija \u0161irom zemlje, M\u017dK je lider me\u0111u organizacijama civilnog dru\u0161tva na Kosovu i u regionu. Na\u0161e \u010dlanice su razli\u010ditih etni\u010dkih grupa, starosne dobi, sposobnosti i geografskih podru\u010dja. Rade na pitanjima va\u017enim za ljude, posebno \u017eene i devoj\u010dice, u svojim zajednicama. Informacije o na\u0161im \u010dlanicama razvrstane su po op\u0161tinama i po njihovim [&hellip;]<\/p>\n","protected":false},"author":1,"featured_media":0,"parent":0,"menu_order":0,"comment_status":"closed","ping_status":"closed","template":"page-members.php","meta":{"_FSMCFIC_featured_image_caption":"","_FSMCFIC_featured_image_nocaption":"","_FSMCFIC_featured_image_hide":"","footnotes":""},"class_list":["post-1510","page","type-page","status-publish","hentry"],"acf":[],"_links":{"self":[{"href":"https:\/\/womensnetwork.org\/sr\/wp-json\/wp\/v2\/pages\/1510","targetHints":{"allow":["GET"]}}],"collection":[{"href":"https:\/\/womensnetwork.org\/sr\/wp-json\/wp\/v2\/pages"}],"about":[{"href":"https:\/\/womensnetwork.org\/sr\/wp-json\/wp\/v2\/types\/page"}],"author":[{"embeddable":true,"href":"https:\/\/womensnetwork.org\/sr\/wp-json\/wp\/v2\/users\/1"}],"replies":[{"embeddable":true,"href":"https:\/\/womensnetwork.org\/sr\/wp-json\/wp\/v2\/comments?post=1510"}],"version-history":[{"count":14,"href":"https:\/\/womensnetwork.org\/sr\/wp-json\/wp\/v2\/pages\/1510\/revisions"}],"predecessor-version":[{"id":3366420,"href":"https:\/\/womensnetwork.org\/sr\/wp-json\/wp\/v2\/pages\/1510\/revisions\/3366420"}],"wp:attachment":[{"href":"https:\/\/womensnetwork.org\/sr\/wp-json\/wp\/v2\/media?parent=1510"}],"curies":[{"name":"wp","href":"https:\/\/api.w.org\/{rel}","templated":true}]}}