{"id":1514,"date":"2018-10-02T14:13:50","date_gmt":"2018-10-02T14:13:50","guid":{"rendered":"https:\/\/womensnetwork.org\/kosovo-womens-fund\/"},"modified":"2025-09-11T16:23:38","modified_gmt":"2025-09-11T16:23:38","slug":"o-kosovskom-zenskom-fondu","status":"publish","type":"page","link":"https:\/\/womensnetwork.org\/sr\/o-kosovskom-zenskom-fondu\/","title":{"rendered":"Fond \u017eena Kosova"},"content":{"rendered":"<p>Promena prioriteta donatora i smanjenje bud\u017eeta su doveli do toga da mnogi me\u0111unarodni donatori na Kosovu ili zatvore svoje programe grantova ili zna\u010dajno smanje finansiranje nevladinih organizacija. Iako neki donatori nastavljaju da nude podr\u0161ku, njihove slo\u017eene procedure prijavljivanja i fokus na grantove velikih razmera \u010desto isklju\u010duju manje organizacije. Grupe koje vode \u017eene, posebno one sa ograni\u010denim kapacitetom osoblja i znanjem engleskog jezika, suo\u010davaju se sa zna\u010dajnim preprekama u pristupu finansiranju za svoj vitalni rad na promociji rodne ravnopravnosti i prava \u017eena.<\/p>\n<p>&nbsp;<\/p>\n<p>Kao odgovor na ove izazove, Mre\u017ea \u017eena Kosova (M\u017dK), u bliskoj konsultaciji sa svojim \u010dlanicama i uz podr\u0161ku Fondacije Kvinna till Kvinna, osnovala je 2012. godine <strong>Fond \u017eena Kosova (F\u017dK<\/strong>). Fond pru\u017ea male, fleksibilne grantove \u017eenskim organizacijama na Kosovu i u okolnom regionu, sa posebnim fokusom na podr\u0161ku inicijativama koje unapre\u0111uju prava \u017eena i devoj\u010dica iz ruralnih podru\u010dja i marginalizovanih podru\u010dja. Donjeta Berisha, koja je radila za Fond vi\u0161e od decenije, nagla\u0161ava kako njegov pristup na nivou gra\u0111ana omogu\u0107ava primaocima grantova da dopru do \u017eena koje \u010desto nemaju pristup podr\u0161ci na drugi na\u010din.<\/p>\n<p>&nbsp;<\/p>\n<p>Ono \u0161to \u010dini Fond \u017eena Kosova jedinstvenim nije samo njegova dostupnost, ve\u0107 i prilago\u0111eni, kontinuirani razvoj kapaciteta koji nudi korisnicima grantova i podnosiocima zahteva. To uklju\u010duje obuku za pisanje zahteva za grantove, upravljanje projektnim ciklusom, finansijsko upravljanje i zastupanje, pobolj\u0161avaju\u0107i njihovu sposobnost da obezbede budu\u0107e finansiranje i uti\u010du na promene politika.<\/p>\n<p>Od svog osnivanja u decembru 2012. godine, M\u017dK je dodelila <strong>296 grantova<\/strong> preko Fonda \u017eena Kosova, u ukupnom iznosu od <strong>1.531.561,05 <\/strong><strong>\u20ac<\/strong><strong>.<\/strong> Ove grantove su koristili <strong>37.762 osoba<\/strong>, uklju\u010duju\u0107i <strong>29.505 \u017eena<\/strong> i <strong>7.782 mu\u0161karaca<\/strong> u razli\u010ditim zajednicama:<\/p>\n<ul>\n<li><strong>22,269 Albanca<\/strong><\/li>\n<li><strong>1,859 Srba<\/strong><\/li>\n<li><strong>1,121 Roma<\/strong><\/li>\n<li><strong>828 A\u0161kalija<\/strong><\/li>\n<li><strong>268 Egip\u0107ana<\/strong><\/li>\n<li><strong>351 Goranaca<\/strong><\/li>\n<li><strong>331 Bosanaca<\/strong><\/li>\n<li><strong>166 Turaka<\/strong><\/li>\n<li><strong>342 osoba iz drugih zajednica<\/strong><\/li>\n<li><strong>603 osobe sa invaliditetom (OsI)<\/strong><\/li>\n<\/ul>\n<p>&nbsp;<\/p>\n<p>Od zastupanja i reforme politika do zdravstvene za\u0161tite, razvoja ve\u0161tina i beneficija za decu, Fond je transformisao \u017eivote i zajednice. Primeri njegovih dostignu\u0107a uklju\u010duju:<\/p>\n<p>&nbsp;<\/p>\n<p><strong>Unapre\u0111enje zagovaranja i politike: <\/strong>Fond je podr\u017eao 432 inicijative zagovaranja, uklju\u010dujuc\u0301i napore koji su doveli do 30 dokumentovanih promena politika i nekoliko op\u0161tina koje su usvojile prakse bud\u017eetiranja koje usvajanju rodnu ravnopravnost. Zagovaranje od strane primalaca grantova je doprinelo pove\u0107anju javnog finansiranja za \u017eene, kako na op\u0161tinskom tako i na nacionalnom nivou. Primaoci grantova su izradili ili doprineli izradi op\u0161tinskih akcionih planova za rodnu ravnopravnost, koji su potom usvojeni, a Fond je osigurao da \u017eene iz etni\u010dkih manjina, \u017eene sa invaliditetom i \u017ertve nasilja mogu smisleno da u\u010destvuju u lokalnim procesima dono\u0161enja odluka.<\/p>\n<p><strong>Osna\u017eivanje i podizanje svesti: <\/strong>Fond je osna\u017eio 10.204 \u017eene da postanu svesnije svojih prava na nasledstvo i imovinu, i pomogao je 335 \u017eena, uklju\u010duju\u0107i \u0161est \u017ertava nasilja, da ostvare svoja prava. Pored toga, 3.095 \u017eena i devoj\u010dica je inspirisano da se zala\u017eu za svoje pravo na zdravstvenu za\u0161titu, opremaju\u0107i ih znanjem i samopouzdanjem da se anga\u017euju u svojim zajednicama.<\/p>\n<p><strong>Razvijanje ve\u0161tina i ekonomskih mogu\u0107nosti: <\/strong>Fond je podr\u017eao mlade \u017eene u razvoju digitalnih i preduzetni\u010dkih ve\u0161tina, stvaraju\u0107i nove mogu\u0107nosti zarade u marketingu, frilensingu i preduzetni\u0161tvu. Tako\u0111e je oslobodio poreza \u017eene u \u0110akovici, \u0161to je dovelo do toga da pet \u017eena odmah pokrenu sopstveni biznis.<\/p>\n<p><strong>Pro\u0161irenje zdravstvene za\u0161tite i podr\u0161ke zajednici: <\/strong>Grantovi su omogu\u0107ili inicijative koje pro\u0161iruju pristup zdravstvenoj za\u0161titi, posebno za \u017eene u ruralnim podru\u010djima i marginalizovane \u017eene: zdravstveni radnici u \u0110akovici su obu\u010deni da koriste pristupe osetljive na traumu sa \u017ertvama seksualnog i porodi\u010dnog nasilja; nekoliko ruralnih op\u0161tina (Brestovc, Zoki\u0161 i Denje\/Orahovac) otvorilo je klinike porodi\u010dne medicine; a u Glogvcu je pokrenuta zdravstvena telefonska linija u saradnji sa Savetom pacijenata. Fond je tako\u0111e pomogao u dokumentovanju i prijavljivanju kr\u0161enja zdravstvenih prava, pozivaju\u0107i institucije na odgovornost. \u0160tavi\u0161e, grantovi su doneli koristi deci, uklju\u010duju\u0107i besplatan prevoz za one koji \u017eive vi\u0161e od pet kilometara od \u0161kole u \u200b\u200bVu\u010ditrnu.<\/p>\n<p>Tokom godina, Fond \u017eena Kosova je dobio velikodu\u0161nu podr\u0161ku od raznih partnera, uklju\u010duju\u0107i <strong>Evropsku uniju<\/strong>, <strong>\u0160vedsku agenciju za me\u0111unarodnu razvojnu saradnju (Sida), Austrijsku agenciju za<\/strong> <strong>razvoj (ADA), UN \u017dene<\/strong> i <strong>Fondaciju Kvinna til Kvinna<\/strong>.<\/p>\n","protected":false},"excerpt":{"rendered":"<p>Promena prioriteta donatora i smanjenje bud\u017eeta su doveli do toga da mnogi me\u0111unarodni donatori na Kosovu ili zatvore svoje programe grantova ili zna\u010dajno smanje finansiranje nevladinih organizacija. Iako neki donatori nastavljaju da nude podr\u0161ku, njihove slo\u017eene procedure prijavljivanja i fokus na grantove velikih razmera \u010desto isklju\u010duju manje organizacije. Grupe koje vode \u017eene, posebno one sa [&hellip;]<\/p>\n","protected":false},"author":1,"featured_media":0,"parent":0,"menu_order":0,"comment_status":"closed","ping_status":"closed","template":"page-content-only.php","meta":{"_FSMCFIC_featured_image_caption":"","_FSMCFIC_featured_image_nocaption":"","_FSMCFIC_featured_image_hide":"","footnotes":""},"class_list":["post-1514","page","type-page","status-publish","hentry"],"acf":[],"_links":{"self":[{"href":"https:\/\/womensnetwork.org\/sr\/wp-json\/wp\/v2\/pages\/1514","targetHints":{"allow":["GET"]}}],"collection":[{"href":"https:\/\/womensnetwork.org\/sr\/wp-json\/wp\/v2\/pages"}],"about":[{"href":"https:\/\/womensnetwork.org\/sr\/wp-json\/wp\/v2\/types\/page"}],"author":[{"embeddable":true,"href":"https:\/\/womensnetwork.org\/sr\/wp-json\/wp\/v2\/users\/1"}],"replies":[{"embeddable":true,"href":"https:\/\/womensnetwork.org\/sr\/wp-json\/wp\/v2\/comments?post=1514"}],"version-history":[{"count":8,"href":"https:\/\/womensnetwork.org\/sr\/wp-json\/wp\/v2\/pages\/1514\/revisions"}],"predecessor-version":[{"id":3366421,"href":"https:\/\/womensnetwork.org\/sr\/wp-json\/wp\/v2\/pages\/1514\/revisions\/3366421"}],"wp:attachment":[{"href":"https:\/\/womensnetwork.org\/sr\/wp-json\/wp\/v2\/media?parent=1514"}],"curies":[{"name":"wp","href":"https:\/\/api.w.org\/{rel}","templated":true}]}}