{"id":1517,"date":"2018-08-30T14:18:50","date_gmt":"2018-08-30T14:18:50","guid":{"rendered":"https:\/\/womensnetwork.org\/about-us\/vision-mission\/"},"modified":"2025-09-11T16:19:23","modified_gmt":"2025-09-11T16:19:23","slug":"vizija-misija","status":"publish","type":"page","link":"https:\/\/womensnetwork.org\/sr\/o-nama\/vizija-misija\/","title":{"rendered":"Vizija i Misija"},"content":{"rendered":"<h2>Vizija<\/h2>\n<p>M\u017dK <strong>zami\u0161lja<\/strong> Kosovo u kome su \u017eene i mu\u0161karci ravnopravni i imaju jednake mogu\u0107nosti za obrazovanje, zapo\u0161ljavanje, politi\u010dko u\u010de\u0161\u0107e, zdravstvenu za\u0161titu i \u017eivot bez nasilja.<\/p>\n<h2>Misija<\/h2>\n<p><strong>Misija <\/strong>M\u017dK-a je da podr\u017ei, za\u0161titi i promovi\u0161e prava i interese \u017eena i devojaka \u0161irom Kosova, bez obzira na njihova politi\u010dka uverenja, religiju, starosnu dob, nivo obrazovanja, seksualnu orijentaciju i sposobnosti. M\u017dK ispunjava svoju misiju kroz razmenu iskustava i informacija, partnerstva i umre\u017eavanje, istra\u017eivanja, zastupanje i usluge.<\/p>\n","protected":false},"excerpt":{"rendered":"<p>Vizija M\u017dK zami\u0161lja Kosovo u kome su \u017eene i mu\u0161karci ravnopravni i imaju jednake mogu\u0107nosti za obrazovanje, zapo\u0161ljavanje, politi\u010dko u\u010de\u0161\u0107e, zdravstvenu za\u0161titu i \u017eivot bez nasilja. Misija Misija M\u017dK-a je da podr\u017ei, za\u0161titi i promovi\u0161e prava i interese \u017eena i devojaka \u0161irom Kosova, bez obzira na njihova politi\u010dka uverenja, religiju, starosnu dob, nivo obrazovanja, seksualnu [&hellip;]<\/p>\n","protected":false},"author":1,"featured_media":0,"parent":1497,"menu_order":0,"comment_status":"closed","ping_status":"closed","template":"page-vision-mission.php","meta":{"_FSMCFIC_featured_image_caption":"","_FSMCFIC_featured_image_nocaption":"","_FSMCFIC_featured_image_hide":"","footnotes":""},"class_list":["post-1517","page","type-page","status-publish","hentry"],"acf":[],"_links":{"self":[{"href":"https:\/\/womensnetwork.org\/sr\/wp-json\/wp\/v2\/pages\/1517","targetHints":{"allow":["GET"]}}],"collection":[{"href":"https:\/\/womensnetwork.org\/sr\/wp-json\/wp\/v2\/pages"}],"about":[{"href":"https:\/\/womensnetwork.org\/sr\/wp-json\/wp\/v2\/types\/page"}],"author":[{"embeddable":true,"href":"https:\/\/womensnetwork.org\/sr\/wp-json\/wp\/v2\/users\/1"}],"replies":[{"embeddable":true,"href":"https:\/\/womensnetwork.org\/sr\/wp-json\/wp\/v2\/comments?post=1517"}],"version-history":[{"count":7,"href":"https:\/\/womensnetwork.org\/sr\/wp-json\/wp\/v2\/pages\/1517\/revisions"}],"predecessor-version":[{"id":3366416,"href":"https:\/\/womensnetwork.org\/sr\/wp-json\/wp\/v2\/pages\/1517\/revisions\/3366416"}],"up":[{"embeddable":true,"href":"https:\/\/womensnetwork.org\/sr\/wp-json\/wp\/v2\/pages\/1497"}],"wp:attachment":[{"href":"https:\/\/womensnetwork.org\/sr\/wp-json\/wp\/v2\/media?parent=1517"}],"curies":[{"name":"wp","href":"https:\/\/api.w.org\/{rel}","templated":true}]}}