{"id":1530,"date":"2018-08-30T15:03:02","date_gmt":"2018-08-30T15:03:02","guid":{"rendered":"https:\/\/womensnetwork.org\/resources\/"},"modified":"2025-09-11T16:24:56","modified_gmt":"2025-09-11T16:24:56","slug":"resources","status":"publish","type":"page","link":"https:\/\/womensnetwork.org\/sr\/resources\/","title":{"rendered":"Resursi"},"content":{"rendered":"<p>Te\u017eimo da olak\u0161amo pristup istra\u017eivanjima, publikacijama i informacijama vezanim za rodnu ravnopravnost i unapre\u0111enje \u017eenskih prava na Kosovu pru\u017eanjem konsolidovane biblioteke resursa o svakoj od slede\u0107ih tema:<\/p>\n","protected":false},"excerpt":{"rendered":"<p>Te\u017eimo da olak\u0161amo pristup istra\u017eivanjima, publikacijama i informacijama vezanim za rodnu ravnopravnost i unapre\u0111enje \u017eenskih prava na Kosovu pru\u017eanjem konsolidovane biblioteke resursa o svakoj od slede\u0107ih tema:<\/p>\n","protected":false},"author":1,"featured_media":0,"parent":0,"menu_order":0,"comment_status":"closed","ping_status":"closed","template":"page-files-category.php","meta":{"_FSMCFIC_featured_image_caption":"","_FSMCFIC_featured_image_nocaption":"","_FSMCFIC_featured_image_hide":"","footnotes":""},"class_list":["post-1530","page","type-page","status-publish","hentry"],"acf":[],"_links":{"self":[{"href":"https:\/\/womensnetwork.org\/sr\/wp-json\/wp\/v2\/pages\/1530","targetHints":{"allow":["GET"]}}],"collection":[{"href":"https:\/\/womensnetwork.org\/sr\/wp-json\/wp\/v2\/pages"}],"about":[{"href":"https:\/\/womensnetwork.org\/sr\/wp-json\/wp\/v2\/types\/page"}],"author":[{"embeddable":true,"href":"https:\/\/womensnetwork.org\/sr\/wp-json\/wp\/v2\/users\/1"}],"replies":[{"embeddable":true,"href":"https:\/\/womensnetwork.org\/sr\/wp-json\/wp\/v2\/comments?post=1530"}],"version-history":[{"count":3,"href":"https:\/\/womensnetwork.org\/sr\/wp-json\/wp\/v2\/pages\/1530\/revisions"}],"predecessor-version":[{"id":3366423,"href":"https:\/\/womensnetwork.org\/sr\/wp-json\/wp\/v2\/pages\/1530\/revisions\/3366423"}],"wp:attachment":[{"href":"https:\/\/womensnetwork.org\/sr\/wp-json\/wp\/v2\/media?parent=1530"}],"curies":[{"name":"wp","href":"https:\/\/api.w.org\/{rel}","templated":true}]}}