{"id":1532,"date":"2018-08-30T08:00:22","date_gmt":"2018-08-30T08:00:22","guid":{"rendered":"https:\/\/womensnetwork.org\/publications\/"},"modified":"2025-09-11T16:24:27","modified_gmt":"2025-09-11T16:24:27","slug":"publications","status":"publish","type":"page","link":"https:\/\/womensnetwork.org\/sr\/publications\/","title":{"rendered":"Publikacije"},"content":{"rendered":"<p>M\u017dK objavljuje mese\u010dni elektronski bilten (e-vesti) pod nazivom \u201e<em>Glas kosovskih \u017eena<\/em>\u201c. Objavljujemo tematske istra\u017eiva\u010dke izve\u0161taje, izme\u0111u ostalog, o pitanjima koja se odnose na na\u0161e programe. M\u017dK redovno pi\u0161e zagovara\u010dka pisma o pitanjima koja se ti\u010du na\u0161ih \u010dlanica, \u017eena i devoj\u010dica na Kosovu. Tako\u0111e nastojimo da olak\u0161amo pristup informacijama vezanim za rodnu ravnopravnost i unapre\u0111enje prava \u017eena na Kosovu pru\u017eanjem konsolidovane biblioteke resursa.<\/p>\n","protected":false},"excerpt":{"rendered":"<p>M\u017dK objavljuje mese\u010dni elektronski bilten (e-vesti) pod nazivom \u201eGlas kosovskih \u017eena\u201c. Objavljujemo tematske istra\u017eiva\u010dke izve\u0161taje, izme\u0111u ostalog, o pitanjima koja se odnose na na\u0161e programe. M\u017dK redovno pi\u0161e zagovara\u010dka pisma o pitanjima koja se ti\u010du na\u0161ih \u010dlanica, \u017eena i devoj\u010dica na Kosovu. Tako\u0111e nastojimo da olak\u0161amo pristup informacijama vezanim za rodnu ravnopravnost i unapre\u0111enje prava [&hellip;]<\/p>\n","protected":false},"author":1,"featured_media":28,"parent":0,"menu_order":0,"comment_status":"closed","ping_status":"closed","template":"page-files-category.php","meta":{"_FSMCFIC_featured_image_caption":"","_FSMCFIC_featured_image_nocaption":"","_FSMCFIC_featured_image_hide":"","footnotes":""},"class_list":["post-1532","page","type-page","status-publish","has-post-thumbnail","hentry"],"acf":[],"_links":{"self":[{"href":"https:\/\/womensnetwork.org\/sr\/wp-json\/wp\/v2\/pages\/1532","targetHints":{"allow":["GET"]}}],"collection":[{"href":"https:\/\/womensnetwork.org\/sr\/wp-json\/wp\/v2\/pages"}],"about":[{"href":"https:\/\/womensnetwork.org\/sr\/wp-json\/wp\/v2\/types\/page"}],"author":[{"embeddable":true,"href":"https:\/\/womensnetwork.org\/sr\/wp-json\/wp\/v2\/users\/1"}],"replies":[{"embeddable":true,"href":"https:\/\/womensnetwork.org\/sr\/wp-json\/wp\/v2\/comments?post=1532"}],"version-history":[{"count":3,"href":"https:\/\/womensnetwork.org\/sr\/wp-json\/wp\/v2\/pages\/1532\/revisions"}],"predecessor-version":[{"id":3366422,"href":"https:\/\/womensnetwork.org\/sr\/wp-json\/wp\/v2\/pages\/1532\/revisions\/3366422"}],"wp:featuredmedia":[{"embeddable":true,"href":"https:\/\/womensnetwork.org\/sr\/wp-json\/wp\/v2\/media\/28"}],"wp:attachment":[{"href":"https:\/\/womensnetwork.org\/sr\/wp-json\/wp\/v2\/media?parent=1532"}],"curies":[{"name":"wp","href":"https:\/\/api.w.org\/{rel}","templated":true}]}}