{"id":1537,"date":"2018-08-27T12:58:24","date_gmt":"2018-08-27T12:58:24","guid":{"rendered":"https:\/\/womensnetwork.org\/women-in-politics-and-decision-making\/"},"modified":"2025-09-11T09:00:31","modified_gmt":"2025-09-11T09:00:31","slug":"zene-u-politci-i-procesima-donosenjaodluka","status":"publish","type":"page","link":"https:\/\/womensnetwork.org\/sr\/nasi-programi\/zene-u-politci-i-procesima-donosenjaodluka\/","title":{"rendered":"Unapre\u0111enje rodne ravnopravnosti kroz vladavinu prava"},"content":{"rendered":"\n<h2 class=\"wp-block-heading has-text-align-center\">\u017dene u politici i dono\u0161enju odluka<br><br><a href=\"https:\/\/womensnetwork.org\/programs\/gender-mainstreaming-the-eu-accession\/\" data-type=\"page\" data-id=\"3365874\"><strong>Rodna ravnopravnost u pristupanju EU<\/strong><\/a><br><a href=\"https:\/\/womensnetwork.org\/programs\/gender-responsive-budgeting\/\" data-type=\"page\" data-id=\"3365877\"><strong>Rodno odgovorno bud\u017eetiranje<\/strong><\/a><br><a href=\"https:\/\/womensnetwork.org\/programs\/right-to-health\/\" data-type=\"page\" data-id=\"3365880\"><strong>Pravo na zdravlje<\/strong><\/a><\/h2>\n","protected":false},"excerpt":{"rendered":"<p>\u017dene u politici i dono\u0161enju odluka Rodna ravnopravnost u pristupanju EURodno odgovorno bud\u017eetiranjePravo na zdravlje<\/p>\n","protected":false},"author":1,"featured_media":0,"parent":1543,"menu_order":1,"comment_status":"closed","ping_status":"closed","template":"","meta":{"_FSMCFIC_featured_image_caption":"","_FSMCFIC_featured_image_nocaption":"","_FSMCFIC_featured_image_hide":"","footnotes":""},"class_list":["post-1537","page","type-page","status-publish","hentry"],"acf":[],"_links":{"self":[{"href":"https:\/\/womensnetwork.org\/sr\/wp-json\/wp\/v2\/pages\/1537","targetHints":{"allow":["GET"]}}],"collection":[{"href":"https:\/\/womensnetwork.org\/sr\/wp-json\/wp\/v2\/pages"}],"about":[{"href":"https:\/\/womensnetwork.org\/sr\/wp-json\/wp\/v2\/types\/page"}],"author":[{"embeddable":true,"href":"https:\/\/womensnetwork.org\/sr\/wp-json\/wp\/v2\/users\/1"}],"replies":[{"embeddable":true,"href":"https:\/\/womensnetwork.org\/sr\/wp-json\/wp\/v2\/comments?post=1537"}],"version-history":[{"count":8,"href":"https:\/\/womensnetwork.org\/sr\/wp-json\/wp\/v2\/pages\/1537\/revisions"}],"predecessor-version":[{"id":3366296,"href":"https:\/\/womensnetwork.org\/sr\/wp-json\/wp\/v2\/pages\/1537\/revisions\/3366296"}],"up":[{"embeddable":true,"href":"https:\/\/womensnetwork.org\/sr\/wp-json\/wp\/v2\/pages\/1543"}],"wp:attachment":[{"href":"https:\/\/womensnetwork.org\/sr\/wp-json\/wp\/v2\/media?parent=1537"}],"curies":[{"name":"wp","href":"https:\/\/api.w.org\/{rel}","templated":true}]}}