{"id":1540,"date":"2018-08-30T14:19:13","date_gmt":"2018-08-30T14:19:13","guid":{"rendered":"https:\/\/womensnetwork.org\/strategy\/"},"modified":"2025-09-11T16:18:24","modified_gmt":"2025-09-11T16:18:24","slug":"strateski","status":"publish","type":"page","link":"https:\/\/womensnetwork.org\/sr\/o-nama\/strateski\/","title":{"rendered":"Strategija"},"content":{"rendered":"\n<p>Rad M\u017dK-a je vo\u0111en Strategijom za 2023-2026, koja je razvijena u konsultaciji sa \u010dlanicama M\u017dK-a, njenim Upravnim odborom, partnerima i drugim klju\u010dnim zainteresovanim stranama. Strategija je usvojena i sprovodi se u tesnoj saradnji sa organizacijama \u010dlanicama M\u017dK-a.<\/p>\n\n\n\n<p><a href=\"https:\/\/womensnetwork.org\/wp-content\/uploads\/2023\/10\/KWN-Strategy-2023-2026.pdf\">Kompletnu verziju Strategije M\u017dK-a 2023-2026. mo\u017eete preuzeti ovde.<\/a><\/p>\n\n\n\n<p><a href=\"https:\/\/womensnetwork.org\/wp-content\/uploads\/2019\/05\/KWN-Strategy-2019-2022-1-1.pdf\">Kompletnu verziju Strategije M\u017dK-a 2019-2022. mo\u017eete preuzeti ovde.<\/a><\/p>\n\n\n\n<p><a href=\"https:\/\/womensnetwork.org\/wp-content\/uploads\/2018\/10\/kwn_strategy_2015_2018_eng.pdf\">Kompletnu verziju Strategije M\u017dK-a 2015-2018. mo\u017eete preuzeti ovde.<\/a><\/p>\n\n\n\n<p><a href=\"https:\/\/womensnetwork.org\/wp-content\/uploads\/2018\/10\/kwn_strategic_plan_2011_2014_en.pdf\">Kompletnu verziju Strategije M\u017dK-a 2011-2014. mo\u017eete preuzeti ovde.<\/a><\/p>\n","protected":false},"excerpt":{"rendered":"<p>Rad M\u017dK-a je vo\u0111en Strategijom za 2023-2026, koja je razvijena u konsultaciji sa \u010dlanicama M\u017dK-a, njenim Upravnim odborom, partnerima i drugim klju\u010dnim zainteresovanim stranama. Strategija je usvojena i sprovodi se u tesnoj saradnji sa organizacijama \u010dlanicama M\u017dK-a. Kompletnu verziju Strategije M\u017dK-a 2023-2026. mo\u017eete preuzeti ovde. Kompletnu verziju Strategije M\u017dK-a 2019-2022. mo\u017eete preuzeti ovde. Kompletnu verziju [&hellip;]<\/p>\n","protected":false},"author":1,"featured_media":26,"parent":1497,"menu_order":0,"comment_status":"closed","ping_status":"closed","template":"elementor_theme","meta":{"_FSMCFIC_featured_image_caption":"","_FSMCFIC_featured_image_nocaption":"","_FSMCFIC_featured_image_hide":"","footnotes":""},"class_list":["post-1540","page","type-page","status-publish","has-post-thumbnail","hentry"],"acf":[],"_links":{"self":[{"href":"https:\/\/womensnetwork.org\/sr\/wp-json\/wp\/v2\/pages\/1540","targetHints":{"allow":["GET"]}}],"collection":[{"href":"https:\/\/womensnetwork.org\/sr\/wp-json\/wp\/v2\/pages"}],"about":[{"href":"https:\/\/womensnetwork.org\/sr\/wp-json\/wp\/v2\/types\/page"}],"author":[{"embeddable":true,"href":"https:\/\/womensnetwork.org\/sr\/wp-json\/wp\/v2\/users\/1"}],"replies":[{"embeddable":true,"href":"https:\/\/womensnetwork.org\/sr\/wp-json\/wp\/v2\/comments?post=1540"}],"version-history":[{"count":11,"href":"https:\/\/womensnetwork.org\/sr\/wp-json\/wp\/v2\/pages\/1540\/revisions"}],"predecessor-version":[{"id":3366415,"href":"https:\/\/womensnetwork.org\/sr\/wp-json\/wp\/v2\/pages\/1540\/revisions\/3366415"}],"up":[{"embeddable":true,"href":"https:\/\/womensnetwork.org\/sr\/wp-json\/wp\/v2\/pages\/1497"}],"wp:featuredmedia":[{"embeddable":true,"href":"https:\/\/womensnetwork.org\/sr\/wp-json\/wp\/v2\/media\/26"}],"wp:attachment":[{"href":"https:\/\/womensnetwork.org\/sr\/wp-json\/wp\/v2\/media?parent=1540"}],"curies":[{"name":"wp","href":"https:\/\/api.w.org\/{rel}","templated":true}]}}