{"id":1543,"date":"2018-08-27T12:57:43","date_gmt":"2018-08-27T12:57:43","guid":{"rendered":"https:\/\/womensnetwork.org\/programs\/"},"modified":"2024-06-18T08:56:38","modified_gmt":"2024-06-18T08:56:38","slug":"nasi-programi","status":"publish","type":"page","link":"https:\/\/womensnetwork.org\/sr\/nasi-programi\/","title":{"rendered":"Programi"},"content":{"rendered":"<p>Misija Mre\u017ee \u017dena Kosova (M\u017dK) je da podr\u017ei, za\u0161titi i promovi\u0161e prava i interese \u017eena i devojaka \u0161irom Kosova, bez obzira na njihovo politi\u010dko i versko uverenje, starost, nivo obrazovanja, seksualnu orijentaciju i sposobnosti. M\u017dK ima viziju Kosova u kojem su \u017eene i mu\u0161karci jednaki i imaju jednake moguc\u0301nosti za obrazovanje, zapo\u0161ljavanje, politi\u010dku participaciju, zdravstvenu za\u0161titu i \u017eivot bez nasilja. Da bi ostvarila svoju viziju i misiju, M\u017dK je izradila Strategiju za period 2023-2026. Ona obuhvata \u010detiri programskih oblasti, opisanih u nastavku.<\/p>\n<p><span class=\"TextRun SCXW14041032 BCX0\" lang=\"SR-LATN-RS\" xml:lang=\"SR-LATN-RS\" data-contrast=\"auto\"><span class=\"NormalTextRun SCXW14041032 BCX0\">M\u017dK sprovodi svoju Strategiju u bliskoj saradnji sa 140 \u010dlanom organizacije i partnerima.<\/span><\/span><span class=\"TextRun SCXW14041032 BCX0\" lang=\"SR-LATN-RS\" xml:lang=\"SR-LATN-RS\" data-contrast=\"auto\"><span class=\"NormalTextRun SCXW14041032 BCX0\">\u00a0<\/span><\/span><span class=\"EOP SCXW14041032 BCX0\" data-ccp-props=\"{&quot;201341983&quot;:0,&quot;335551550&quot;:6,&quot;335551620&quot;:6,&quot;335559739&quot;:200,&quot;335559740&quot;:240}\">\u00a0<\/span><\/p>\n","protected":false},"excerpt":{"rendered":"<p>Misija Mre\u017ee \u017dena Kosova (M\u017dK) je da podr\u017ei, za\u0161titi i promovi\u0161e prava i interese \u017eena i devojaka \u0161irom Kosova, bez obzira na njihovo politi\u010dko i versko uverenje, starost, nivo obrazovanja, seksualnu orijentaciju i sposobnosti. M\u017dK ima viziju Kosova u kojem su \u017eene i mu\u0161karci jednaki i imaju jednake moguc\u0301nosti za obrazovanje, zapo\u0161ljavanje, politi\u010dku participaciju, zdravstvenu [&hellip;]<\/p>\n","protected":false},"author":1,"featured_media":3336729,"parent":0,"menu_order":0,"comment_status":"closed","ping_status":"closed","template":"page-programs.php","meta":{"_FSMCFIC_featured_image_caption":"","_FSMCFIC_featured_image_nocaption":"","_FSMCFIC_featured_image_hide":"","footnotes":""},"class_list":["post-1543","page","type-page","status-publish","has-post-thumbnail","hentry"],"acf":[],"_links":{"self":[{"href":"https:\/\/womensnetwork.org\/sr\/wp-json\/wp\/v2\/pages\/1543","targetHints":{"allow":["GET"]}}],"collection":[{"href":"https:\/\/womensnetwork.org\/sr\/wp-json\/wp\/v2\/pages"}],"about":[{"href":"https:\/\/womensnetwork.org\/sr\/wp-json\/wp\/v2\/types\/page"}],"author":[{"embeddable":true,"href":"https:\/\/womensnetwork.org\/sr\/wp-json\/wp\/v2\/users\/1"}],"replies":[{"embeddable":true,"href":"https:\/\/womensnetwork.org\/sr\/wp-json\/wp\/v2\/comments?post=1543"}],"version-history":[{"count":13,"href":"https:\/\/womensnetwork.org\/sr\/wp-json\/wp\/v2\/pages\/1543\/revisions"}],"predecessor-version":[{"id":3362581,"href":"https:\/\/womensnetwork.org\/sr\/wp-json\/wp\/v2\/pages\/1543\/revisions\/3362581"}],"wp:featuredmedia":[{"embeddable":true,"href":"https:\/\/womensnetwork.org\/sr\/wp-json\/wp\/v2\/media\/3336729"}],"wp:attachment":[{"href":"https:\/\/womensnetwork.org\/sr\/wp-json\/wp\/v2\/media?parent=1543"}],"curies":[{"name":"wp","href":"https:\/\/api.w.org\/{rel}","templated":true}]}}