{"id":3345581,"date":"2020-04-16T11:03:47","date_gmt":"2020-04-16T11:03:47","guid":{"rendered":"https:\/\/womensnetwork.org\/kwn-donate\/"},"modified":"2020-06-10T13:38:51","modified_gmt":"2020-06-10T13:38:51","slug":"kwn-donate","status":"publish","type":"page","link":"https:\/\/womensnetwork.org\/sr\/kwn-donate\/","title":{"rendered":"KWN Donate"},"content":{"rendered":"<p><strong>Donirajte sada<\/strong><\/p>\n<p>Mo\u017eete postati podr\u017eavatelji i pomo\u0107i ja\u010danju pokreta za prava \u017eena na Kosovu. Donirajte Fondu za odr\u017eivost M\u017dK i pomozite nam da pokrijemo kljucne tro\u0161kove i podr\u017eimo va\u017ene programe.<\/p>\n<p><strong>Ako odlu\u010dite da donirate, molimo vas recite nam ne\u0161to o sebi.<\/strong><\/p>\n\n                <div class='gf_browser_gecko gform_wrapper' id='gform_wrapper_14' ><form method='post' enctype='multipart\/form-data'  id='gform_14'  action='\/sr\/wp-json\/wp\/v2\/pages\/3345581'>\n                        <div class='gform_body'><ul id='gform_fields_14' class='gform_fields top_label form_sublabel_below description_below'><li id='field_14_1'  class='gfield supporter_name gfield_contains_required field_sublabel_below field_description_below gfield_visibility_visible' ><label class='gfield_label gfield_label_before_complex'  >IME<span class='gfield_required'>*<\/span><\/label><div class='ginput_complex ginput_container no_prefix has_first_name no_middle_name has_last_name no_suffix gf_name_has_2 ginput_container_name' id='input_14_1'>\n                            \n                            <span id='input_14_1_3_container' class='name_first' >\n                                                    <input type='text' name='input_1.3' id='input_14_1_3' value='' aria-label='First name'   aria-required=\"true\" aria-invalid=\"false\" placeholder='Ime'\/>\n                                                    <label for='input_14_1_3' >First<\/label>\n                                                <\/span>\n                            \n                            <span id='input_14_1_6_container' class='name_last' >\n                                                    <input type='text' name='input_1.6' id='input_14_1_6' value='' aria-label='Last name'   aria-required=\"true\" aria-invalid=\"false\" placeholder='Prezime'\/>\n                                                    <label for='input_14_1_6' >Last<\/label>\n                                                <\/span>\n                            \n                        <\/div><\/li><li id='field_14_2'  class='gfield supporter_address gfield_contains_required field_sublabel_below field_description_below gfield_visibility_visible' ><label class='gfield_label gfield_label_before_complex'  >Adresu<span class='gfield_required'>*<\/span><\/label>    \n                    <div class='ginput_complex ginput_container has_street has_city ginput_container_address' id='input_14_2' >\n                         <span class='ginput_full address_line_1' id='input_14_2_1_container' >\n                                        <input type='text' name='input_2.1' id='input_14_2_1' value=''   placeholder='Ulica i broj' aria-required=\"true\"\/>\n                                        <label for='input_14_2_1' id='input_14_2_1_label' >Street Address<\/label>\n                                    <\/span><span class='ginput_left address_city' id='input_14_2_3_container' >\n                                    <input type='text' name='input_2.3' id='input_14_2_3' value=''   placeholder='Grad'\/>\n                                    <label for='input_14_2_3' id='input_14_2_3_label' >City<\/label>\n                                 <\/span><input type='hidden' class='gform_hidden' name='input_2.4' id='input_14_2_4' value=''\/><input type='hidden' class='gform_hidden' name='input_2.6' id='input_14_2_6' value=''\/>\n                    <div class='gf_clear gf_clear_complex'><\/div>\n                <\/div><\/li><li id='field_14_3'  class='gfield supporter_phone gfield_contains_required field_sublabel_below field_description_below gfield_visibility_visible' ><label class='gfield_label' for='input_14_3' >BROJ TELEFONA*<span class='gfield_required'>*<\/span><\/label><div class='ginput_container ginput_container_phone'><input name='input_3' id='input_14_3' type='text' value='' class='medium'  placeholder='Broja telefona' aria-required=\"true\" aria-invalid=\"false\" \/><\/div><\/li><li id='field_14_4'  class='gfield supporter_email gfield_contains_required field_sublabel_below field_description_below gfield_visibility_visible' ><label class='gfield_label' for='input_14_4' >Email<span class='gfield_required'>*<\/span><\/label><div class='ginput_container ginput_container_email'>\n                            <input name='input_4' id='input_14_4' type='text' value='' class='medium'   placeholder='Email' aria-required=\"true\" aria-invalid=\"false\"\/>\n                        <\/div><\/li><li id='field_14_21'  class='gfield gfield_contains_required field_sublabel_below field_description_below gfield_visibility_visible' ><label class='gfield_label' for='input_14_21' >IZNOS<span class='gfield_required'>*<\/span><\/label><div class='ginput_container ginput_container_text'><input name='input_21' id='input_14_21' type='text' value='' class='medium'     aria-required=\"true\" aria-invalid=\"false\" \/><\/div><\/li><li id='field_14_22'  class='gfield field_sublabel_below field_description_below gfield_visibility_visible' ><label class='gfield_label' for='input_14_22' >OPIS<\/label><div class='ginput_container ginput_container_textarea'><textarea name='input_22' id='input_14_22' class='textarea medium'      aria-invalid=\"false\"   rows='10' cols='50'><\/textarea><\/div><\/li><li id='field_14_20'  class='gfield li_radio gfield_contains_required field_sublabel_below field_description_below gfield_visibility_visible' ><label class='gfield_label'  >KAKO \u017dELITE DA DONIRATE? MOLIMO VAS, IZABERITE JEDNU OPCIJU.*<span class='gfield_required'>*<\/span><\/label><div class='ginput_container ginput_container_radio'><ul class='gfield_radio' id='input_14_20'><li class='gchoice_14_20_0'><input name='input_20' type='radio' value='By wire transfer'  id='choice_14_20_0'    \/><label for='choice_14_20_0' id='label_14_20_0'><b>By wire transfer:<\/b><br\/>Bank Name: Pro Credit Bank (Pristina Branch)<br\/>Bank Account Name: Rrjeti i Grupeve te Grave te Kosoves<br\/>Account No (IBAN): XK051194166083010113<br\/>Bank SWIFT Code: MBKOXKPRXXX<br\/>Bank Address: Str Skenderbeu n.n.<br\/>City: Pristina<br\/>State: Kosovo<br\/>Postal Code:10000<\/label><\/li><li class='gchoice_14_20_1'><input name='input_20' type='radio' value='In person, in cash'  id='choice_14_20_1'    \/><label for='choice_14_20_1' id='label_14_20_1'><b>In person, in cash<\/b> by contacting KWN at info@womensnetwork.org or 038245850<\/label><\/li><li class='gchoice_14_20_2'><input name='input_20' type='radio' value='By check,* mailed to'  id='choice_14_20_2'    \/><label for='choice_14_20_2' id='label_14_20_2'><p><strong><span style=\"font-size: 14px;\">By check,* mailed to:<\/span><\/strong><\/p> <p><span style=\"font-size: 14px;\">East-West Management Institute, Inc.<\/span><br><span style=\"font-size: 14px;\">Attn: Manana Chopliani\/ Christina Keller<\/span><br><span style=\"font-size: 14px;\">575 Madison Ave., 25th Floor New York, NY 1002<\/span><\/p><\/label><\/li><li class='gchoice_14_20_3'><input name='input_20' type='radio' value=''  id='choice_14_20_3'    \/><label for='choice_14_20_3' id='label_14_20_3'><strong>Online*<\/strong> through our fiscal sponsor,  <a href=\"https:\/\/secure.givelively.org\/donate\/east-west-management-institute-inc\/kosovo-women-s-network?fbclid=IwY2xjawO3fI1leHRuA2FlbQIxMQBzcnRjBmFwcF9pZBAyMjIwMzkxNzg4MjAwODkyAAEeIG7IljfMNXilbP7quRfoSEN-KaLZQc33vExzIrvf_XpZ2yWaXGExOBaY3NU_aem_ijv5v0Z_yXbDt_lzKIIx-Q\"    target=\"_blank\"    rel=\"noopener noreferrer\"    style=\"color:#2c82c9; text-decoration: underline;\"> East-West Management Institute <\/a>. <br><br> <span style=\"font-size:13px; color:#000;\"> Note that the East-West Management Institute will reserve a small fee. In the U.S.A, all donations are tax-deductible.  Please indicate on checks that the donation is for KWN. <\/span><\/label><\/li><\/ul><\/div><\/li>\n                            <\/ul><\/div>\n        <div class='gform_footer top_label'> <input type='submit' id='gform_submit_button_14' class='gform_button button' value='PRIHVATI'  onclick='if(window[\"gf_submitting_14\"]){return false;}  window[\"gf_submitting_14\"]=true;  ' onkeypress='if( event.keyCode == 13 ){ if(window[\"gf_submitting_14\"]){return false;} window[\"gf_submitting_14\"]=true;  jQuery(\"#gform_14\").trigger(\"submit\",[true]); }' \/> \n            <input type='hidden' class='gform_hidden' name='is_submit_14' value='1' \/>\n            <input type='hidden' class='gform_hidden' name='gform_submit' value='14' \/>\n            \n            <input type='hidden' class='gform_hidden' name='gform_unique_id' value='' \/>\n            <input type='hidden' class='gform_hidden' name='state_14' value='WyJbXSIsIjYwYjEzYzdmYzNhNDcyMjI5ZmQxY2QwN2FhMDk2Y2NhIl0=' \/>\n            <input type='hidden' class='gform_hidden' name='gform_target_page_number_14' id='gform_target_page_number_14' value='0' \/>\n            <input type='hidden' class='gform_hidden' name='gform_source_page_number_14' id='gform_source_page_number_14' value='1' \/>\n            <input type='hidden' name='gform_field_values' value='' \/>\n            \n        <\/div>\n                        <p style=\"display: none !important;\"><label>&#916;<textarea name=\"ak_hp_textarea\" cols=\"45\" rows=\"8\" maxlength=\"100\"><\/textarea><\/label><input type=\"hidden\" id=\"ak_js_1\" name=\"ak_js\" value=\"41\"\/><script>document.getElementById( \"ak_js_1\" ).setAttribute( \"value\", ( new Date() ).getTime() );<\/script><\/p><\/form>\n                        <\/div>\n","protected":false},"excerpt":{"rendered":"<p>Donirajte sada Mo\u017eete postati podr\u017eavatelji i pomo\u0107i ja\u010danju pokreta za prava \u017eena na Kosovu. Donirajte Fondu za odr\u017eivost M\u017dK i pomozite nam da pokrijemo kljucne tro\u0161kove i podr\u017eimo va\u017ene programe. Ako odlu\u010dite da donirate, molimo vas recite nam ne\u0161to o sebi.<\/p>\n","protected":false},"author":1,"featured_media":0,"parent":0,"menu_order":0,"comment_status":"closed","ping_status":"closed","template":"","meta":{"_FSMCFIC_featured_image_caption":"","_FSMCFIC_featured_image_nocaption":"","_FSMCFIC_featured_image_hide":"","footnotes":""},"class_list":["post-3345581","page","type-page","status-publish","hentry"],"acf":[],"_links":{"self":[{"href":"https:\/\/womensnetwork.org\/sr\/wp-json\/wp\/v2\/pages\/3345581","targetHints":{"allow":["GET"]}}],"collection":[{"href":"https:\/\/womensnetwork.org\/sr\/wp-json\/wp\/v2\/pages"}],"about":[{"href":"https:\/\/womensnetwork.org\/sr\/wp-json\/wp\/v2\/types\/page"}],"author":[{"embeddable":true,"href":"https:\/\/womensnetwork.org\/sr\/wp-json\/wp\/v2\/users\/1"}],"replies":[{"embeddable":true,"href":"https:\/\/womensnetwork.org\/sr\/wp-json\/wp\/v2\/comments?post=3345581"}],"version-history":[{"count":2,"href":"https:\/\/womensnetwork.org\/sr\/wp-json\/wp\/v2\/pages\/3345581\/revisions"}],"predecessor-version":[{"id":3345594,"href":"https:\/\/womensnetwork.org\/sr\/wp-json\/wp\/v2\/pages\/3345581\/revisions\/3345594"}],"wp:attachment":[{"href":"https:\/\/womensnetwork.org\/sr\/wp-json\/wp\/v2\/media?parent=3345581"}],"curies":[{"name":"wp","href":"https:\/\/api.w.org\/{rel}","templated":true}]}}