{"id":3366300,"date":"2025-08-22T10:09:26","date_gmt":"2025-08-22T10:09:26","guid":{"rendered":"https:\/\/womensnetwork.org\/nasi-programi\/gender-mainstreaming-the-eu-accession\/"},"modified":"2025-09-11T09:20:53","modified_gmt":"2025-09-11T09:20:53","slug":"gender-mainstreaming-the-eu-accession","status":"publish","type":"page","link":"https:\/\/womensnetwork.org\/sr\/nasi-programi\/gender-mainstreaming-the-eu-accession\/","title":{"rendered":"Unapre\u0111enje rodne ravnopravnosti kroz vladavinu prava"},"content":{"rendered":"\n<h2 class=\"wp-block-heading has-text-align-center\">Rodna ravnopravnost u pristupanju EU<\/h2>\n\n\n\n<h2 class=\"wp-block-heading has-text-align-center\"><strong><a href=\"https:\/\/womensnetwork.org\/sr\/nasi-programi\/zene-u-politci-i-procesima-donosenjaodluka\/\" data-type=\"page\" data-id=\"39\">\u017dene u politici i dono\u0161enju odluka<br><\/a><a href=\"https:\/\/womensnetwork.org\/programs\/gender-responsive-budgeting\/\" data-type=\"page\" data-id=\"3365877\"><strong>Rodno odgovorno bud\u017eetiranje<\/strong><\/a><br><a href=\"https:\/\/womensnetwork.org\/programs\/right-to-health\/\" data-type=\"page\" data-id=\"3365880\"><strong>Pravo na zdravlje<\/strong><\/a><\/strong><\/h2>\n","protected":false},"excerpt":{"rendered":"<p>Rodna ravnopravnost u pristupanju EU \u017dene u politici i dono\u0161enju odlukaRodno odgovorno bud\u017eetiranjePravo na zdravlje<\/p>\n","protected":false},"author":18,"featured_media":0,"parent":1543,"menu_order":0,"comment_status":"closed","ping_status":"closed","template":"","meta":{"_FSMCFIC_featured_image_caption":"","_FSMCFIC_featured_image_nocaption":"","_FSMCFIC_featured_image_hide":"","footnotes":""},"class_list":["post-3366300","page","type-page","status-publish","hentry"],"acf":[],"_links":{"self":[{"href":"https:\/\/womensnetwork.org\/sr\/wp-json\/wp\/v2\/pages\/3366300","targetHints":{"allow":["GET"]}}],"collection":[{"href":"https:\/\/womensnetwork.org\/sr\/wp-json\/wp\/v2\/pages"}],"about":[{"href":"https:\/\/womensnetwork.org\/sr\/wp-json\/wp\/v2\/types\/page"}],"author":[{"embeddable":true,"href":"https:\/\/womensnetwork.org\/sr\/wp-json\/wp\/v2\/users\/18"}],"replies":[{"embeddable":true,"href":"https:\/\/womensnetwork.org\/sr\/wp-json\/wp\/v2\/comments?post=3366300"}],"version-history":[{"count":3,"href":"https:\/\/womensnetwork.org\/sr\/wp-json\/wp\/v2\/pages\/3366300\/revisions"}],"predecessor-version":[{"id":3366332,"href":"https:\/\/womensnetwork.org\/sr\/wp-json\/wp\/v2\/pages\/3366300\/revisions\/3366332"}],"up":[{"embeddable":true,"href":"https:\/\/womensnetwork.org\/sr\/wp-json\/wp\/v2\/pages\/1543"}],"wp:attachment":[{"href":"https:\/\/womensnetwork.org\/sr\/wp-json\/wp\/v2\/media?parent=3366300"}],"curies":[{"name":"wp","href":"https:\/\/api.w.org\/{rel}","templated":true}]}}