{"id":3366317,"date":"2025-08-22T10:12:49","date_gmt":"2025-08-22T10:12:49","guid":{"rendered":"https:\/\/womensnetwork.org\/nasi-programi\/right-to-health\/"},"modified":"2025-09-11T09:21:11","modified_gmt":"2025-09-11T09:21:11","slug":"right-to-health","status":"publish","type":"page","link":"https:\/\/womensnetwork.org\/sr\/nasi-programi\/right-to-health\/","title":{"rendered":"Unapre\u0111enje rodne ravnopravnosti kroz vladavinu prava"},"content":{"rendered":"\n<h2 class=\"wp-block-heading has-text-align-center\">Pravo na zdravlje<\/h2>\n\n\n\n<h2 class=\"wp-block-heading has-text-align-center\"><strong><a href=\"https:\/\/womensnetwork.org\/sr\/nasi-programi\/zene-u-politci-i-procesima-donosenjaodluka\/\" data-type=\"page\" data-id=\"39\">\u017dene u politici i dono\u0161enju odluka<br><\/a><\/strong><a href=\"https:\/\/womensnetwork.org\/sr\/nasi-programi\/gender-mainstreaming-the-eu-accession\/\" data-type=\"page\" data-id=\"3365874\"><strong><a href=\"https:\/\/womensnetwork.org\/programs\/gender-mainstreaming-the-eu-accession\/\" data-type=\"page\" data-id=\"3365874\"><strong>Rodna ravnopravnost u pristupanju EU<\/strong><\/a><br><\/strong><\/a><a href=\"https:\/\/womensnetwork.org\/sr\/nasi-programi\/gender-responsive-budgeting\/\" data-type=\"page\" data-id=\"3365877\"><strong><a href=\"https:\/\/womensnetwork.org\/programs\/gender-responsive-budgeting\/\" data-type=\"page\" data-id=\"3365877\"><strong>Rodno odgovorno bud\u017eetiranje<\/strong><\/a><br><\/strong><\/a><\/h2>\n","protected":false},"excerpt":{"rendered":"<p>Pravo na zdravlje \u017dene u politici i dono\u0161enju odlukaRodna ravnopravnost u pristupanju EURodno odgovorno bud\u017eetiranje<\/p>\n","protected":false},"author":18,"featured_media":0,"parent":1543,"menu_order":0,"comment_status":"closed","ping_status":"closed","template":"","meta":{"_FSMCFIC_featured_image_caption":"","_FSMCFIC_featured_image_nocaption":"","_FSMCFIC_featured_image_hide":"","footnotes":""},"class_list":["post-3366317","page","type-page","status-publish","hentry"],"acf":[],"_links":{"self":[{"href":"https:\/\/womensnetwork.org\/sr\/wp-json\/wp\/v2\/pages\/3366317","targetHints":{"allow":["GET"]}}],"collection":[{"href":"https:\/\/womensnetwork.org\/sr\/wp-json\/wp\/v2\/pages"}],"about":[{"href":"https:\/\/womensnetwork.org\/sr\/wp-json\/wp\/v2\/types\/page"}],"author":[{"embeddable":true,"href":"https:\/\/womensnetwork.org\/sr\/wp-json\/wp\/v2\/users\/18"}],"replies":[{"embeddable":true,"href":"https:\/\/womensnetwork.org\/sr\/wp-json\/wp\/v2\/comments?post=3366317"}],"version-history":[{"count":3,"href":"https:\/\/womensnetwork.org\/sr\/wp-json\/wp\/v2\/pages\/3366317\/revisions"}],"predecessor-version":[{"id":3366334,"href":"https:\/\/womensnetwork.org\/sr\/wp-json\/wp\/v2\/pages\/3366317\/revisions\/3366334"}],"up":[{"embeddable":true,"href":"https:\/\/womensnetwork.org\/sr\/wp-json\/wp\/v2\/pages\/1543"}],"wp:attachment":[{"href":"https:\/\/womensnetwork.org\/sr\/wp-json\/wp\/v2\/media?parent=3366317"}],"curies":[{"name":"wp","href":"https:\/\/api.w.org\/{rel}","templated":true}]}}